{"id":8649,"date":"2023-03-01T11:27:14","date_gmt":"2023-03-01T11:27:14","guid":{"rendered":"https:\/\/www.udalegal.com\/tr\/?page_id=8649"},"modified":"2023-03-01T11:31:07","modified_gmt":"2023-03-01T11:31:07","slug":"dedektiflik-hizmetlerimiz","status":"publish","type":"page","link":"https:\/\/www.udalegal.com\/tr\/dedektiflik-hizmetlerimiz\/","title":{"rendered":"Dedektiflik Hizmetlerimiz"},"content":{"rendered":"<section class=\"l-section wpb_row height_custom\"><div class=\"l-section-h i-cf\"><div class=\"g-cols vc_row via_grid cols_1 laptops-cols_inherit tablets-cols_inherit mobiles-cols_1 valign_top type_default stacking_default\"><div class=\"wpb_column vc_column_container\"><div class=\"vc_column-inner\"><div class=\"wpb_text_column\"><div class=\"wpb_wrapper\"><p><strong>1.<\/strong> Otel kay\u0131tlar\u0131n\u0131n tespit edilmesi<br \/>\n<strong>2.<\/strong> HTS telefon g\u00f6r\u00fc\u015fme kay\u0131tlar\u0131<br \/>\n<strong>3.<\/strong> Kay\u0131p ara\u00e7lar\u0131n bulunmas\u0131<br \/>\n<strong>4.<\/strong> Kay\u0131p ki\u015filerin bulunmas\u0131<br \/>\n<strong>5.<\/strong> Takip etme<br \/>\n<strong>6.<\/strong> Sab\u0131ka kayd\u0131 + Genel bilgi toplama<\/p>\n<\/div><\/div><\/div><\/div><\/div><\/div><\/section>\n","protected":false},"excerpt":{"rendered":"1. Otel kay\u0131tlar\u0131n\u0131n tespit edilmesi 2. HTS telefon g\u00f6r\u00fc\u015fme kay\u0131tlar\u0131 3. Kay\u0131p ara\u00e7lar\u0131n bulunmas\u0131 4. Kay\u0131p ki\u015filerin bulunmas\u0131 5. Takip etme 6. Sab\u0131ka kayd\u0131 + Genel bilgi toplama","protected":false},"author":1,"featured_media":0,"parent":0,"menu_order":0,"comment_status":"closed","ping_status":"closed","template":"","meta":[],"yoast_head":"<!-- This site is optimized with the Yoast SEO plugin v20.1 - https:\/\/yoast.com\/wordpress\/plugins\/seo\/ -->\n<title>Dedektiflik Hizmetlerimiz - UDA LEGAL ARA\u015eTIRMA \u015e\u0130RKET\u0130<\/title>\n<meta name=\"robots\" content=\"index, follow, max-snippet:-1, max-image-preview:large, max-video-preview:-1\" \/>\n<link rel=\"canonical\" href=\"https:\/\/www.udalegal.com\/tr\/dedektiflik-hizmetlerimiz\/\" \/>\n<meta property=\"og:locale\" content=\"tr_TR\" \/>\n<meta property=\"og:type\" content=\"article\" \/>\n<meta property=\"og:title\" content=\"Dedektiflik Hizmetlerimiz - UDA LEGAL ARA\u015eTIRMA \u015e\u0130RKET\u0130\" \/>\n<meta property=\"og:url\" content=\"https:\/\/www.udalegal.com\/tr\/dedektiflik-hizmetlerimiz\/\" \/>\n<meta property=\"og:site_name\" content=\"UDA LEGAL ARA\u015eTIRMA \u015e\u0130RKET\u0130\" \/>\n<meta property=\"article:modified_time\" content=\"2023-03-01T11:31:07+00:00\" \/>\n<meta name=\"twitter:card\" content=\"summary_large_image\" \/>\n<script type=\"application\/ld+json\" class=\"yoast-schema-graph\">{\"@context\":\"https:\/\/schema.org\",\"@graph\":[{\"@type\":\"WebPage\",\"@id\":\"https:\/\/www.udalegal.com\/tr\/dedektiflik-hizmetlerimiz\/\",\"url\":\"https:\/\/www.udalegal.com\/tr\/dedektiflik-hizmetlerimiz\/\",\"name\":\"Dedektiflik Hizmetlerimiz - UDA LEGAL ARA\u015eTIRMA \u015e\u0130RKET\u0130\",\"isPartOf\":{\"@id\":\"https:\/\/www.udalegal.com\/tr\/#website\"},\"datePublished\":\"2023-03-01T11:27:14+00:00\",\"dateModified\":\"2023-03-01T11:31:07+00:00\",\"breadcrumb\":{\"@id\":\"https:\/\/www.udalegal.com\/tr\/dedektiflik-hizmetlerimiz\/#breadcrumb\"},\"inLanguage\":\"tr\",\"potentialAction\":[{\"@type\":\"ReadAction\",\"target\":[\"https:\/\/www.udalegal.com\/tr\/dedektiflik-hizmetlerimiz\/\"]}]},{\"@type\":\"BreadcrumbList\",\"@id\":\"https:\/\/www.udalegal.com\/tr\/dedektiflik-hizmetlerimiz\/#breadcrumb\",\"itemListElement\":[{\"@type\":\"ListItem\",\"position\":1,\"name\":\"Anasayfa\",\"item\":\"https:\/\/www.udalegal.com\/tr\/\"},{\"@type\":\"ListItem\",\"position\":2,\"name\":\"Dedektiflik Hizmetlerimiz\"}]},{\"@type\":\"WebSite\",\"@id\":\"https:\/\/www.udalegal.com\/tr\/#website\",\"url\":\"https:\/\/www.udalegal.com\/tr\/\",\"name\":\"UDA LEGAL ARA\u015eTIRMA \u015e\u0130RKET\u0130\",\"description\":\"\",\"potentialAction\":[{\"@type\":\"SearchAction\",\"target\":{\"@type\":\"EntryPoint\",\"urlTemplate\":\"https:\/\/www.udalegal.com\/tr\/?s={search_term_string}\"},\"query-input\":\"required name=search_term_string\"}],\"inLanguage\":\"tr\"}]}<\/script>\n<!-- \/ Yoast SEO plugin. -->","yoast_head_json":{"title":"Dedektiflik Hizmetlerimiz - UDA LEGAL ARA\u015eTIRMA \u015e\u0130RKET\u0130","robots":{"index":"index","follow":"follow","max-snippet":"max-snippet:-1","max-image-preview":"max-image-preview:large","max-video-preview":"max-video-preview:-1"},"canonical":"https:\/\/www.udalegal.com\/tr\/dedektiflik-hizmetlerimiz\/","og_locale":"tr_TR","og_type":"article","og_title":"Dedektiflik Hizmetlerimiz - UDA LEGAL ARA\u015eTIRMA \u015e\u0130RKET\u0130","og_url":"https:\/\/www.udalegal.com\/tr\/dedektiflik-hizmetlerimiz\/","og_site_name":"UDA LEGAL ARA\u015eTIRMA \u015e\u0130RKET\u0130","article_modified_time":"2023-03-01T11:31:07+00:00","twitter_card":"summary_large_image","schema":{"@context":"https:\/\/schema.org","@graph":[{"@type":"WebPage","@id":"https:\/\/www.udalegal.com\/tr\/dedektiflik-hizmetlerimiz\/","url":"https:\/\/www.udalegal.com\/tr\/dedektiflik-hizmetlerimiz\/","name":"Dedektiflik Hizmetlerimiz - UDA LEGAL ARA\u015eTIRMA \u015e\u0130RKET\u0130","isPartOf":{"@id":"https:\/\/www.udalegal.com\/tr\/#website"},"datePublished":"2023-03-01T11:27:14+00:00","dateModified":"2023-03-01T11:31:07+00:00","breadcrumb":{"@id":"https:\/\/www.udalegal.com\/tr\/dedektiflik-hizmetlerimiz\/#breadcrumb"},"inLanguage":"tr","potentialAction":[{"@type":"ReadAction","target":["https:\/\/www.udalegal.com\/tr\/dedektiflik-hizmetlerimiz\/"]}]},{"@type":"BreadcrumbList","@id":"https:\/\/www.udalegal.com\/tr\/dedektiflik-hizmetlerimiz\/#breadcrumb","itemListElement":[{"@type":"ListItem","position":1,"name":"Anasayfa","item":"https:\/\/www.udalegal.com\/tr\/"},{"@type":"ListItem","position":2,"name":"Dedektiflik Hizmetlerimiz"}]},{"@type":"WebSite","@id":"https:\/\/www.udalegal.com\/tr\/#website","url":"https:\/\/www.udalegal.com\/tr\/","name":"UDA LEGAL ARA\u015eTIRMA \u015e\u0130RKET\u0130","description":"","potentialAction":[{"@type":"SearchAction","target":{"@type":"EntryPoint","urlTemplate":"https:\/\/www.udalegal.com\/tr\/?s={search_term_string}"},"query-input":"required name=search_term_string"}],"inLanguage":"tr"}]}},"_links":{"self":[{"href":"https:\/\/www.udalegal.com\/tr\/wp-json\/wp\/v2\/pages\/8649"}],"collection":[{"href":"https:\/\/www.udalegal.com\/tr\/wp-json\/wp\/v2\/pages"}],"about":[{"href":"https:\/\/www.udalegal.com\/tr\/wp-json\/wp\/v2\/types\/page"}],"author":[{"embeddable":true,"href":"https:\/\/www.udalegal.com\/tr\/wp-json\/wp\/v2\/users\/1"}],"replies":[{"embeddable":true,"href":"https:\/\/www.udalegal.com\/tr\/wp-json\/wp\/v2\/comments?post=8649"}],"version-history":[{"count":3,"href":"https:\/\/www.udalegal.com\/tr\/wp-json\/wp\/v2\/pages\/8649\/revisions"}],"predecessor-version":[{"id":8654,"href":"https:\/\/www.udalegal.com\/tr\/wp-json\/wp\/v2\/pages\/8649\/revisions\/8654"}],"wp:attachment":[{"href":"https:\/\/www.udalegal.com\/tr\/wp-json\/wp\/v2\/media?parent=8649"}],"curies":[{"name":"wp","href":"https:\/\/api.w.org\/{rel}","templated":true}]}}