{"id":8622,"date":"2023-02-16T08:49:13","date_gmt":"2023-02-16T08:49:13","guid":{"rendered":"https:\/\/www.udalegal.com\/tr\/?page_id=8622"},"modified":"2023-03-01T08:51:30","modified_gmt":"2023-03-01T08:51:30","slug":"dedektifler","status":"publish","type":"page","link":"https:\/\/www.udalegal.com\/tr\/dedektifler\/","title":{"rendered":"Dedektifler"},"content":{"rendered":"<section class=\"l-section wpb_row height_custom\"><div class=\"l-section-h i-cf\"><div class=\"g-cols vc_row via_grid cols_1 laptops-cols_inherit tablets-cols_inherit mobiles-cols_1 valign_top type_default stacking_default\"><div class=\"wpb_column vc_column_container\"><div class=\"vc_column-inner\"><div class=\"wpb_text_column\"><div class=\"wpb_wrapper\"><p><strong>\u00d6rnek durum:<\/strong><\/p>\n<p>M\u00fc\u015fteriniz yurt d\u0131\u015f\u0131nda y\u00fcr\u00fct\u00fclen bir davada galip \u00e7\u0131k\u0131yor ama kar\u015f\u0131 taraf\u0131n mal varl\u0131\u011f\u0131 olmad\u0131\u011f\u0131ndan dolay\u0131 bulundu\u011fu \u00dclkede icra edemiyor, veya icra giri\u015fimi sonu\u00e7suz kalacak. M\u00fc\u015fteriniz bu ki\u015finin T\u00fcrkiye&#8217;de varl\u0131kl\u0131 oldu\u011fundan \u015f\u00fcpheleniyor veya sizi bu konuda bilgilendiriyor. Ancak bunu kan\u0131tlayamaz. M\u00fc\u015fterinizden, bu ki\u015finin T\u00fcrkiye&#8217;de sahip oldu\u011fu mal varl\u0131\u011f\u0131n\u0131 ara\u015ft\u0131rma ve kan\u0131tlar\u0131 bulma g\u00f6revini devral\u0131yorsunuz.<\/p>\n<p>Bu durumda bizimle ileti\u015fime ge\u00e7erek, TC kimlik numaras\u0131n\u0131 g\u00f6nderip, bizi ara\u015ft\u0131rma ile g\u00f6revlendiriyorsunuz.<\/p>\n<p>Akabinde ara\u015ft\u0131rmam\u0131za ba\u015flayabiliyoruz. T\u00fcrk Tapu Dairesinde kar\u015f\u0131 taraf\u0131n ta\u015f\u0131nmaz malvarl\u0131\u011f\u0131n\u0131 sorguluyoruz.<\/p>\n<p>Bu \u015fekilde, sorgulanan ki\u015fi ve T\u00fcrkiye&#8217;deki m\u00fclk\u00fc hakk\u0131nda, harita g\u00f6r\u00fcn\u00fcm\u00fc, tam adres ve m\u00fclk\u00fcn resimleri gibi ayr\u0131nt\u0131l\u0131 bilgileri belirliyoruz.<\/p>\n<p>Soru\u015fturma \u00e7al\u0131\u015fmalar\u0131m\u0131z\u0131 tamamlad\u0131ktan sonra sizinle ileti\u015fime ge\u00e7ip, size ara\u015ft\u0131rma sonu\u00e7lar\u0131m\u0131z\u0131 sunuyor ve size soru\u015fturma dosyas\u0131n\u0131 sa\u011fliyoruz.<\/p>\n<p>Art\u0131k mevcut sonu\u00e7lar ve kan\u0131tlarla T\u00fcrkiye&#8217;de kar\u015f\u0131 taraf\u0131n mal varl\u0131\u011f\u0131n\u0131n tenfizini ba\u015flatabilirsiniz.<\/p>\n<p>Ara\u015ft\u0131rmam\u0131z sonu\u00e7 vermedi\u011fi ve kar\u015f\u0131 taraf hakk\u0131nda bir sonu\u00e7 alamad\u0131\u011f\u0131m\u0131z takdirde elbette sizi bu durumdanda haberdar edece\u011fiz.<\/p>\n<p>Bu durumda taraf\u0131n\u0131zca iletilen t\u00fcm veriler imha edilecek ve s\u00fcre\u00e7 bizde tamamlan\u0131p dosya kapat\u0131lacakt\u0131r.<\/p>\n<p>B\u00fct\u00fcn i\u015flem t\u00fcm s\u00fcre\u00e7 boyunca anonim kalacakt\u0131r.<\/p>\n<\/div><\/div><\/div><\/div><\/div><\/div><\/section>\n","protected":false},"excerpt":{"rendered":"\u00d6rnek durum: M\u00fc\u015fteriniz yurt d\u0131\u015f\u0131nda y\u00fcr\u00fct\u00fclen bir davada galip \u00e7\u0131k\u0131yor ama kar\u015f\u0131 taraf\u0131n mal varl\u0131\u011f\u0131 olmad\u0131\u011f\u0131ndan dolay\u0131 bulundu\u011fu \u00dclkede icra edemiyor, veya icra giri\u015fimi sonu\u00e7suz kalacak. M\u00fc\u015fteriniz bu ki\u015finin T\u00fcrkiye&#8217;de varl\u0131kl\u0131 oldu\u011fundan \u015f\u00fcpheleniyor veya sizi bu konuda bilgilendiriyor. Ancak bunu kan\u0131tlayamaz. M\u00fc\u015fterinizden, bu ki\u015finin T\u00fcrkiye&#8217;de sahip oldu\u011fu mal varl\u0131\u011f\u0131n\u0131 ara\u015ft\u0131rma ve kan\u0131tlar\u0131 bulma g\u00f6revini devral\u0131yorsunuz....","protected":false},"author":1,"featured_media":0,"parent":0,"menu_order":0,"comment_status":"closed","ping_status":"closed","template":"","meta":[],"yoast_head":"<!-- This site is optimized with the Yoast SEO plugin v20.1 - https:\/\/yoast.com\/wordpress\/plugins\/seo\/ -->\n<title>Dedektifler - UDA LEGAL ARA\u015eTIRMA \u015e\u0130RKET\u0130<\/title>\n<meta name=\"robots\" content=\"index, follow, max-snippet:-1, max-image-preview:large, max-video-preview:-1\" \/>\n<link rel=\"canonical\" href=\"https:\/\/www.udalegal.com\/tr\/dedektifler\/\" \/>\n<meta property=\"og:locale\" content=\"tr_TR\" \/>\n<meta property=\"og:type\" content=\"article\" \/>\n<meta property=\"og:title\" content=\"Dedektifler - UDA LEGAL ARA\u015eTIRMA \u015e\u0130RKET\u0130\" \/>\n<meta property=\"og:url\" content=\"https:\/\/www.udalegal.com\/tr\/dedektifler\/\" \/>\n<meta property=\"og:site_name\" content=\"UDA LEGAL ARA\u015eTIRMA \u015e\u0130RKET\u0130\" \/>\n<meta property=\"article:modified_time\" content=\"2023-03-01T08:51:30+00:00\" \/>\n<meta name=\"twitter:card\" content=\"summary_large_image\" \/>\n<meta name=\"twitter:label1\" content=\"Tahmini okuma s\u00fcresi\" \/>\n\t<meta name=\"twitter:data1\" content=\"1 dakika\" \/>\n<script type=\"application\/ld+json\" class=\"yoast-schema-graph\">{\"@context\":\"https:\/\/schema.org\",\"@graph\":[{\"@type\":\"WebPage\",\"@id\":\"https:\/\/www.udalegal.com\/tr\/dedektifler\/\",\"url\":\"https:\/\/www.udalegal.com\/tr\/dedektifler\/\",\"name\":\"Dedektifler - UDA LEGAL ARA\u015eTIRMA \u015e\u0130RKET\u0130\",\"isPartOf\":{\"@id\":\"https:\/\/www.udalegal.com\/tr\/#website\"},\"datePublished\":\"2023-02-16T08:49:13+00:00\",\"dateModified\":\"2023-03-01T08:51:30+00:00\",\"breadcrumb\":{\"@id\":\"https:\/\/www.udalegal.com\/tr\/dedektifler\/#breadcrumb\"},\"inLanguage\":\"tr\",\"potentialAction\":[{\"@type\":\"ReadAction\",\"target\":[\"https:\/\/www.udalegal.com\/tr\/dedektifler\/\"]}]},{\"@type\":\"BreadcrumbList\",\"@id\":\"https:\/\/www.udalegal.com\/tr\/dedektifler\/#breadcrumb\",\"itemListElement\":[{\"@type\":\"ListItem\",\"position\":1,\"name\":\"Anasayfa\",\"item\":\"https:\/\/www.udalegal.com\/tr\/\"},{\"@type\":\"ListItem\",\"position\":2,\"name\":\"Dedektifler\"}]},{\"@type\":\"WebSite\",\"@id\":\"https:\/\/www.udalegal.com\/tr\/#website\",\"url\":\"https:\/\/www.udalegal.com\/tr\/\",\"name\":\"UDA LEGAL ARA\u015eTIRMA \u015e\u0130RKET\u0130\",\"description\":\"\",\"potentialAction\":[{\"@type\":\"SearchAction\",\"target\":{\"@type\":\"EntryPoint\",\"urlTemplate\":\"https:\/\/www.udalegal.com\/tr\/?s={search_term_string}\"},\"query-input\":\"required name=search_term_string\"}],\"inLanguage\":\"tr\"}]}<\/script>\n<!-- \/ Yoast SEO plugin. -->","yoast_head_json":{"title":"Dedektifler - UDA LEGAL ARA\u015eTIRMA \u015e\u0130RKET\u0130","robots":{"index":"index","follow":"follow","max-snippet":"max-snippet:-1","max-image-preview":"max-image-preview:large","max-video-preview":"max-video-preview:-1"},"canonical":"https:\/\/www.udalegal.com\/tr\/dedektifler\/","og_locale":"tr_TR","og_type":"article","og_title":"Dedektifler - UDA LEGAL ARA\u015eTIRMA \u015e\u0130RKET\u0130","og_url":"https:\/\/www.udalegal.com\/tr\/dedektifler\/","og_site_name":"UDA LEGAL ARA\u015eTIRMA \u015e\u0130RKET\u0130","article_modified_time":"2023-03-01T08:51:30+00:00","twitter_card":"summary_large_image","twitter_misc":{"Tahmini okuma s\u00fcresi":"1 dakika"},"schema":{"@context":"https:\/\/schema.org","@graph":[{"@type":"WebPage","@id":"https:\/\/www.udalegal.com\/tr\/dedektifler\/","url":"https:\/\/www.udalegal.com\/tr\/dedektifler\/","name":"Dedektifler - UDA LEGAL ARA\u015eTIRMA \u015e\u0130RKET\u0130","isPartOf":{"@id":"https:\/\/www.udalegal.com\/tr\/#website"},"datePublished":"2023-02-16T08:49:13+00:00","dateModified":"2023-03-01T08:51:30+00:00","breadcrumb":{"@id":"https:\/\/www.udalegal.com\/tr\/dedektifler\/#breadcrumb"},"inLanguage":"tr","potentialAction":[{"@type":"ReadAction","target":["https:\/\/www.udalegal.com\/tr\/dedektifler\/"]}]},{"@type":"BreadcrumbList","@id":"https:\/\/www.udalegal.com\/tr\/dedektifler\/#breadcrumb","itemListElement":[{"@type":"ListItem","position":1,"name":"Anasayfa","item":"https:\/\/www.udalegal.com\/tr\/"},{"@type":"ListItem","position":2,"name":"Dedektifler"}]},{"@type":"WebSite","@id":"https:\/\/www.udalegal.com\/tr\/#website","url":"https:\/\/www.udalegal.com\/tr\/","name":"UDA LEGAL ARA\u015eTIRMA \u015e\u0130RKET\u0130","description":"","potentialAction":[{"@type":"SearchAction","target":{"@type":"EntryPoint","urlTemplate":"https:\/\/www.udalegal.com\/tr\/?s={search_term_string}"},"query-input":"required name=search_term_string"}],"inLanguage":"tr"}]}},"_links":{"self":[{"href":"https:\/\/www.udalegal.com\/tr\/wp-json\/wp\/v2\/pages\/8622"}],"collection":[{"href":"https:\/\/www.udalegal.com\/tr\/wp-json\/wp\/v2\/pages"}],"about":[{"href":"https:\/\/www.udalegal.com\/tr\/wp-json\/wp\/v2\/types\/page"}],"author":[{"embeddable":true,"href":"https:\/\/www.udalegal.com\/tr\/wp-json\/wp\/v2\/users\/1"}],"replies":[{"embeddable":true,"href":"https:\/\/www.udalegal.com\/tr\/wp-json\/wp\/v2\/comments?post=8622"}],"version-history":[{"count":3,"href":"https:\/\/www.udalegal.com\/tr\/wp-json\/wp\/v2\/pages\/8622\/revisions"}],"predecessor-version":[{"id":8645,"href":"https:\/\/www.udalegal.com\/tr\/wp-json\/wp\/v2\/pages\/8622\/revisions\/8645"}],"wp:attachment":[{"href":"https:\/\/www.udalegal.com\/tr\/wp-json\/wp\/v2\/media?parent=8622"}],"curies":[{"name":"wp","href":"https:\/\/api.w.org\/{rel}","templated":true}]}}