{"id":8551,"date":"2022-05-20T08:33:32","date_gmt":"2022-05-20T08:33:32","guid":{"rendered":"https:\/\/www.udalegal.com\/tr\/?page_id=8551"},"modified":"2023-10-18T07:56:37","modified_gmt":"2023-10-18T07:56:37","slug":"arastirma-hizmetlerimiz","status":"publish","type":"page","link":"https:\/\/www.udalegal.com\/tr\/arastirma-hizmetlerimiz\/","title":{"rendered":"Ara\u015ft\u0131rma Hizmetlerimiz"},"content":{"rendered":"<section class=\"l-section wpb_row height_custom\"><div class=\"l-section-h i-cf\"><div class=\"g-cols vc_row via_grid cols_1 laptops-cols_inherit tablets-cols_inherit mobiles-cols_1 valign_top type_default stacking_default\"><div class=\"wpb_column vc_column_container\"><div class=\"vc_column-inner\"><div class=\"wpb_text_column\"><div class=\"wpb_wrapper\"><p><strong>Mal Varl\u0131\u011f\u0131 Ara\u015ft\u0131rmas\u0131<\/strong><\/p>\n<p>Mal varl\u0131\u011f\u0131 ara\u015ft\u0131rmas\u0131nda neler tespit ediliyor?<\/p>\n<ul>\n<li>Bor\u00e7lu ad\u0131na kay\u0131tl\u0131 \u00fclke genelindeki gayrimenkuller<\/li>\n<li>Bor\u00e7lu ad\u0131na kay\u0131tl\u0131 \u00fclke genelindeki ara\u00e7lar<\/li>\n<li>Bor\u00e7lunun \u00fclke genelinde satm\u0131\u015f oldu\u011fu gayrimenkuller<\/li>\n<li>Bor\u00e7lunun \u00fclke genelinde satm\u0131\u015f oldu\u011fu ara\u00e7lar<\/li>\n<li>SGK \u00e7al\u0131\u015fma kay\u0131tlar\u0131<\/li>\n<li>\u00dc\u00e7\u00fcnc\u00fc ki\u015filerdeki hak ve alacaklar\u0131<\/li>\n<li>Alacakl\u0131 oldu\u011fu icra dosyalar\u0131<\/li>\n<li>G\u00fcncel adres bilgileri<\/li>\n<li>N\u00fcfus kay\u0131t bilgileri<\/li>\n<li>\u015eirket ortakl\u0131k bilgileri (Ek \u00fccrete tabi, 75\u20ac)<\/li>\n<\/ul>\n<\/div><\/div><\/div><\/div><\/div><\/div><\/section>\n","protected":false},"excerpt":{"rendered":"Mal Varl\u0131\u011f\u0131 Ara\u015ft\u0131rmas\u0131 Mal varl\u0131\u011f\u0131 ara\u015ft\u0131rmas\u0131nda neler tespit ediliyor? Bor\u00e7lu ad\u0131na kay\u0131tl\u0131 \u00fclke genelindeki gayrimenkuller Bor\u00e7lu ad\u0131na kay\u0131tl\u0131 \u00fclke genelindeki ara\u00e7lar Bor\u00e7lunun \u00fclke genelinde satm\u0131\u015f oldu\u011fu gayrimenkuller Bor\u00e7lunun \u00fclke genelinde satm\u0131\u015f oldu\u011fu ara\u00e7lar SGK \u00e7al\u0131\u015fma kay\u0131tlar\u0131 \u00dc\u00e7\u00fcnc\u00fc ki\u015filerdeki hak ve alacaklar\u0131 Alacakl\u0131 oldu\u011fu icra dosyalar\u0131 G\u00fcncel adres bilgileri N\u00fcfus kay\u0131t bilgileri \u015eirket ortakl\u0131k bilgileri (Ek...","protected":false},"author":1,"featured_media":0,"parent":0,"menu_order":0,"comment_status":"closed","ping_status":"closed","template":"","meta":[],"yoast_head":"<!-- This site is optimized with the Yoast SEO plugin v20.1 - https:\/\/yoast.com\/wordpress\/plugins\/seo\/ -->\n<title>Ara\u015ft\u0131rma Hizmetlerimiz - UDA LEGAL ARA\u015eTIRMA \u015e\u0130RKET\u0130<\/title>\n<meta name=\"robots\" content=\"index, follow, max-snippet:-1, max-image-preview:large, max-video-preview:-1\" \/>\n<link rel=\"canonical\" href=\"https:\/\/www.udalegal.com\/tr\/arastirma-hizmetlerimiz\/\" \/>\n<meta property=\"og:locale\" content=\"tr_TR\" \/>\n<meta property=\"og:type\" content=\"article\" \/>\n<meta property=\"og:title\" content=\"Ara\u015ft\u0131rma Hizmetlerimiz - UDA LEGAL ARA\u015eTIRMA \u015e\u0130RKET\u0130\" \/>\n<meta property=\"og:url\" content=\"https:\/\/www.udalegal.com\/tr\/arastirma-hizmetlerimiz\/\" \/>\n<meta property=\"og:site_name\" content=\"UDA LEGAL ARA\u015eTIRMA \u015e\u0130RKET\u0130\" \/>\n<meta property=\"article:modified_time\" content=\"2023-10-18T07:56:37+00:00\" \/>\n<meta name=\"twitter:card\" content=\"summary_large_image\" \/>\n<meta name=\"twitter:label1\" content=\"Tahmini okuma s\u00fcresi\" \/>\n\t<meta name=\"twitter:data1\" content=\"1 dakika\" \/>\n<script type=\"application\/ld+json\" class=\"yoast-schema-graph\">{\"@context\":\"https:\/\/schema.org\",\"@graph\":[{\"@type\":\"WebPage\",\"@id\":\"https:\/\/www.udalegal.com\/tr\/arastirma-hizmetlerimiz\/\",\"url\":\"https:\/\/www.udalegal.com\/tr\/arastirma-hizmetlerimiz\/\",\"name\":\"Ara\u015ft\u0131rma Hizmetlerimiz - UDA LEGAL ARA\u015eTIRMA \u015e\u0130RKET\u0130\",\"isPartOf\":{\"@id\":\"https:\/\/www.udalegal.com\/tr\/#website\"},\"datePublished\":\"2022-05-20T08:33:32+00:00\",\"dateModified\":\"2023-10-18T07:56:37+00:00\",\"breadcrumb\":{\"@id\":\"https:\/\/www.udalegal.com\/tr\/arastirma-hizmetlerimiz\/#breadcrumb\"},\"inLanguage\":\"tr\",\"potentialAction\":[{\"@type\":\"ReadAction\",\"target\":[\"https:\/\/www.udalegal.com\/tr\/arastirma-hizmetlerimiz\/\"]}]},{\"@type\":\"BreadcrumbList\",\"@id\":\"https:\/\/www.udalegal.com\/tr\/arastirma-hizmetlerimiz\/#breadcrumb\",\"itemListElement\":[{\"@type\":\"ListItem\",\"position\":1,\"name\":\"Anasayfa\",\"item\":\"https:\/\/www.udalegal.com\/tr\/\"},{\"@type\":\"ListItem\",\"position\":2,\"name\":\"Ara\u015ft\u0131rma Hizmetlerimiz\"}]},{\"@type\":\"WebSite\",\"@id\":\"https:\/\/www.udalegal.com\/tr\/#website\",\"url\":\"https:\/\/www.udalegal.com\/tr\/\",\"name\":\"UDA LEGAL ARA\u015eTIRMA \u015e\u0130RKET\u0130\",\"description\":\"\",\"potentialAction\":[{\"@type\":\"SearchAction\",\"target\":{\"@type\":\"EntryPoint\",\"urlTemplate\":\"https:\/\/www.udalegal.com\/tr\/?s={search_term_string}\"},\"query-input\":\"required name=search_term_string\"}],\"inLanguage\":\"tr\"}]}<\/script>\n<!-- \/ Yoast SEO plugin. -->","yoast_head_json":{"title":"Ara\u015ft\u0131rma Hizmetlerimiz - UDA LEGAL ARA\u015eTIRMA \u015e\u0130RKET\u0130","robots":{"index":"index","follow":"follow","max-snippet":"max-snippet:-1","max-image-preview":"max-image-preview:large","max-video-preview":"max-video-preview:-1"},"canonical":"https:\/\/www.udalegal.com\/tr\/arastirma-hizmetlerimiz\/","og_locale":"tr_TR","og_type":"article","og_title":"Ara\u015ft\u0131rma Hizmetlerimiz - UDA LEGAL ARA\u015eTIRMA \u015e\u0130RKET\u0130","og_url":"https:\/\/www.udalegal.com\/tr\/arastirma-hizmetlerimiz\/","og_site_name":"UDA LEGAL ARA\u015eTIRMA \u015e\u0130RKET\u0130","article_modified_time":"2023-10-18T07:56:37+00:00","twitter_card":"summary_large_image","twitter_misc":{"Tahmini okuma s\u00fcresi":"1 dakika"},"schema":{"@context":"https:\/\/schema.org","@graph":[{"@type":"WebPage","@id":"https:\/\/www.udalegal.com\/tr\/arastirma-hizmetlerimiz\/","url":"https:\/\/www.udalegal.com\/tr\/arastirma-hizmetlerimiz\/","name":"Ara\u015ft\u0131rma Hizmetlerimiz - UDA LEGAL ARA\u015eTIRMA \u015e\u0130RKET\u0130","isPartOf":{"@id":"https:\/\/www.udalegal.com\/tr\/#website"},"datePublished":"2022-05-20T08:33:32+00:00","dateModified":"2023-10-18T07:56:37+00:00","breadcrumb":{"@id":"https:\/\/www.udalegal.com\/tr\/arastirma-hizmetlerimiz\/#breadcrumb"},"inLanguage":"tr","potentialAction":[{"@type":"ReadAction","target":["https:\/\/www.udalegal.com\/tr\/arastirma-hizmetlerimiz\/"]}]},{"@type":"BreadcrumbList","@id":"https:\/\/www.udalegal.com\/tr\/arastirma-hizmetlerimiz\/#breadcrumb","itemListElement":[{"@type":"ListItem","position":1,"name":"Anasayfa","item":"https:\/\/www.udalegal.com\/tr\/"},{"@type":"ListItem","position":2,"name":"Ara\u015ft\u0131rma Hizmetlerimiz"}]},{"@type":"WebSite","@id":"https:\/\/www.udalegal.com\/tr\/#website","url":"https:\/\/www.udalegal.com\/tr\/","name":"UDA LEGAL ARA\u015eTIRMA \u015e\u0130RKET\u0130","description":"","potentialAction":[{"@type":"SearchAction","target":{"@type":"EntryPoint","urlTemplate":"https:\/\/www.udalegal.com\/tr\/?s={search_term_string}"},"query-input":"required name=search_term_string"}],"inLanguage":"tr"}]}},"_links":{"self":[{"href":"https:\/\/www.udalegal.com\/tr\/wp-json\/wp\/v2\/pages\/8551"}],"collection":[{"href":"https:\/\/www.udalegal.com\/tr\/wp-json\/wp\/v2\/pages"}],"about":[{"href":"https:\/\/www.udalegal.com\/tr\/wp-json\/wp\/v2\/types\/page"}],"author":[{"embeddable":true,"href":"https:\/\/www.udalegal.com\/tr\/wp-json\/wp\/v2\/users\/1"}],"replies":[{"embeddable":true,"href":"https:\/\/www.udalegal.com\/tr\/wp-json\/wp\/v2\/comments?post=8551"}],"version-history":[{"count":7,"href":"https:\/\/www.udalegal.com\/tr\/wp-json\/wp\/v2\/pages\/8551\/revisions"}],"predecessor-version":[{"id":8658,"href":"https:\/\/www.udalegal.com\/tr\/wp-json\/wp\/v2\/pages\/8551\/revisions\/8658"}],"wp:attachment":[{"href":"https:\/\/www.udalegal.com\/tr\/wp-json\/wp\/v2\/media?parent=8551"}],"curies":[{"name":"wp","href":"https:\/\/api.w.org\/{rel}","templated":true}]}}