{"id":8469,"date":"2021-10-19T06:32:25","date_gmt":"2021-10-19T06:32:25","guid":{"rendered":"https:\/\/www.udalegal.com\/tr\/?page_id=8469"},"modified":"2023-03-01T11:36:40","modified_gmt":"2023-03-01T11:36:40","slug":"kvkk","status":"publish","type":"page","link":"https:\/\/www.udalegal.com\/tr\/kvkk\/","title":{"rendered":"KVKK"},"content":{"rendered":"<section class=\"l-section wpb_row height_custom\"><div class=\"l-section-h i-cf\"><div class=\"g-cols vc_row via_grid cols_1 laptops-cols_inherit tablets-cols_inherit mobiles-cols_1 valign_top type_default stacking_default\"><div class=\"wpb_column vc_column_container\"><div class=\"vc_column-inner\"><div class=\"wpb_text_column\"><div class=\"wpb_wrapper\"><h5>1) Ki\u015fisel verilerin toplanmas\u0131na ili\u015fkin bilgiler ve sorumlu ki\u015finin ileti\u015fim bilgileri<\/h5>\n<p><strong>\u00a0<\/strong><strong>1.1<\/strong> Web sitemizi ziyaret etti\u011finiz i\u00e7in memnuniyetimizi bildirir ve ilginize te\u015fekk\u00fcr ederiz. A\u015fa\u011f\u0131da, web sitemizi kullan\u0131rken ki\u015fisel verilerinizin i\u015flenmesi hakk\u0131nda sizi bilgilendirece\u011fiz. Ki\u015fisel veriler, ki\u015fisel olarak tan\u0131mlanabilece\u011finiz t\u00fcm verilerdir.<\/p>\n<p><strong>1.2<\/strong> Genel Veri Koruma Y\u00f6netmeli\u011fi (GDPR) anlam\u0131nda bu web sitesinde veri i\u015flemeden sorumlu ki\u015fi Abdullah Seyhun, UDA LEGAL Ara\u015ft\u0131rma \u015eirketi, Kettwiger Str. 35, 40233 D\u00fcsseldorf, Almanya, Tel.: 01622713159, E-Mail: info @udalegal.com\u2019dur. Ki\u015fisel verilerin i\u015flenmesinden sorumlu ki\u015fi, ki\u015fisel verilerin i\u015flenme ama\u00e7 ve ara\u00e7lar\u0131na tek ba\u015f\u0131na veya ba\u015fkalar\u0131yla birlikte karar veren ger\u00e7ek veya t\u00fczel ki\u015fidir.<\/p>\n<h5>2) Web sitemizi ziyaret etti\u011finizde veri toplama<\/h5>\n<p><strong>\u00a0<\/strong>Web sitemizi yaln\u0131zca bilgi ama\u00e7l\u0131 kullan\u0131rsan\u0131z, yani kaydolmazsan\u0131z veya bize ba\u015fka bir \u015fekilde bilgi sunmazsan\u0131z, yaln\u0131zca taray\u0131c\u0131n\u0131z\u0131n sunucumuza iletti\u011fi verileri (&#8220;sunucu g\u00fcnl\u00fck dosyalar\u0131&#8221; olarak adland\u0131r\u0131l\u0131r) toplar\u0131z. Web sitemizi ziyaret etti\u011finizde, web sitesini size g\u00f6sterebilmemiz i\u00e7in teknik olarak gerekli olan a\u015fa\u011f\u0131daki verileri topluyoruz:<\/p>\n<p>&#8211; Ziyaret edilen web sitemiz<\/p>\n<p>&#8211; Eri\u015fim an\u0131ndaki tarih ve saat<\/p>\n<p>&#8211; Bayt olarak g\u00f6nderilen veri miktar\u0131<\/p>\n<p>&#8211; Sayfaya geldi\u011finiz kaynak \/ referans<\/p>\n<p>&#8211; Kullan\u0131lan taray\u0131c\u0131<\/p>\n<p>&#8211; Kullan\u0131lan i\u015fletim sistemi<\/p>\n<p>&#8211; Kullan\u0131lan IP adresi (varsa: anonim bi\u00e7imde)<\/p>\n<p>\u0130\u015fleme, web sitemizin istikrar\u0131n\u0131 ve i\u015flevselli\u011fini iyile\u015ftirme konusundaki me\u015fru \u00e7\u0131karlar\u0131m\u0131z temel al\u0131narak GDPR\u2019nin 6. Maddesinin 1. F\u0131kras\u0131n\u0131n f bendi uyar\u0131nca ger\u00e7ekle\u015fir. Veriler herhangi bir surette aktar\u0131lmayacak veya ba\u015fka bir \u015fekilde kullan\u0131lmayacakt\u0131r. Ancak, yasa d\u0131\u015f\u0131 kullan\u0131ma ili\u015fkin somut g\u00f6stergeler varsa, sunucu g\u00fcnl\u00fck dosyalar\u0131n\u0131 geriye d\u00f6n\u00fck olarak kontrol etme hakk\u0131m\u0131z sakl\u0131d\u0131r.<\/p>\n<h5>3-) \u0130leti\u015fim<\/h5>\n<p>Bizimle ileti\u015fime ge\u00e7ti\u011finizde (\u00f6rne\u011fin, ileti\u015fim formunu veya e-postay\u0131 kullanarak), ki\u015fisel verilerileriniz toplan\u0131r. Bir ileti\u015fim formu kullan\u0131ld\u0131\u011f\u0131nda hangi verilerin topland\u0131\u011f\u0131 ilgili ileti\u015fim formundan g\u00f6r\u00fclebilir. Bu veriler, yaln\u0131zca talebinizi yan\u0131tlamak veya ileti\u015fim kurmak ve ilgili teknik y\u00f6netimi sa\u011flamak amac\u0131yla saklan\u0131r ve kullan\u0131l\u0131r. Bu verileri i\u015flemenin yasal dayana\u011f\u0131, GDPR&#8217;nin 6. Maddesinin 1. F\u0131kras\u0131n\u0131n f bendi uyar\u0131nca talebinizi yan\u0131tlama konusundaki me\u015fru hakk\u0131m\u0131zd\u0131r. \u0130rtibat ki\u015finiz bir s\u00f6zle\u015fme akdetmeyi ama\u00e7l\u0131yorsa, i\u015fleme i\u00e7in ek yasal dayana\u011f\u0131, GDPR\u2019nin Maddesinin 1. F\u0131kras\u0131n\u0131n b bendi &#8216;dir. Verileriniz, talebiniz i\u015flendikten sonra silinecektir. Bu, ko\u015fullar bahse konu meseleni \u00a0nihai olarak a\u00e7\u0131kl\u0131\u011fa kavu\u015fturuldu\u011fu ve yasal saklama zorunlulu\u011fu bulunmad\u0131\u011f\u0131n\u0131 g\u00f6steriyorsa ge\u00e7erlidir.<\/p>\n<h5>4) Veri Sahibinin Haklar\u0131<\/h5>\n<p><strong>\u00a0<\/strong><strong>4.1<\/strong> Ge\u00e7erli veri koruma kanunu, uygulanan ilgili \u00f6n ko\u015fullar i\u00e7in belirtilen yasal dayana\u011fa at\u0131fta bulunularak, ki\u015fisel verilerinizin i\u015flenmesiyle ilgili olarak, sorumlu ki\u015fiye kar\u015f\u0131 size veri sahibinin haklar\u0131n\u0131 (bilgi ve m\u00fcdahale haklar\u0131) verir:<\/p>\n<p>&#8211; GDPR\u2019nin 15. Maddesi uyar\u0131nca bilgi edinme hakk\u0131;<\/p>\n<p>&#8211; GDPR\u2019nin 16. Maddesi uyar\u0131nca d\u00fczeltme hakk\u0131;<\/p>\n<p>&#8211; GDPR\u2019nin 17. Maddesi uyar\u0131nca silme hakk\u0131;<\/p>\n<p>&#8211; GDPR\u2019nin 18. Maddesi uyar\u0131nca i\u015flemenin k\u0131s\u0131tlanmas\u0131 hakk\u0131;<\/p>\n<p>&#8211; GDPR\u2019nin 19. Maddesi uyar\u0131nca bilgi edinme hakk\u0131;<\/p>\n<p>&#8211; GDPR\u2019nin 20. Maddesi uyar\u0131nca veri ta\u015f\u0131nabilirli\u011fi hakk\u0131;<\/p>\n<p>&#8211; GDPR\u2019nin 7. Maddesi 3. F\u0131kras\u0131 uyar\u0131nca verilen onay\u0131 iptal etme hakk\u0131;<\/p>\n<p>&#8211; GDPR\u2019nin 77. Maddesi uyar\u0131nca \u015fikayette bulunma hakk\u0131.<\/p>\n<p><strong>4.2 <\/strong>\u0130T\u0130RAZ HAKKI<\/p>\n<p>K\u0130\u015e\u0130SEL VER\u0130LER\u0130N\u0130Z\u0130 TEMEL HUKUK\u0130 \u00c7IKARIMIZA DAYALI OLARAK \u0130\u015eL\u0130YORSANIK, \u00d6ZEL DURUMUNUZDA VERD\u0130\u011e\u0130M\u0130Z NEDENLERLE K\u0130\u015e\u0130SEL VER\u0130LER\u0130N\u0130Z\u0130 \u0130\u015eLENMES\u0130 KONUSUNDA HER T\u00dcRL\u00dc \u0130T\u0130RAZ HAKKINA SAH\u0130PS\u0130N\u0130Z.<\/p>\n<p>\u0130T\u0130RAZ HAKKINIZI KULLANIRSANIZ, \u0130LG\u0130L\u0130 VER\u0130LER\u0130N \u0130\u015eLENMES\u0130N\u0130 SONLANDIRACA\u011eIZ. \u0130\u015eLEME \u0130\u00c7\u0130N \u00c7IKARLARINIZ, TEMEL HAKLARINIZ VE \u00d6ZG\u00dcRL\u00dcKLER\u0130N\u0130Z DI\u015eINDA OLAN ZORUNLU NEDENLER\u0130 KANITLAYAB\u0130LMEM\u0130Z YA DA \u0130\u015eLEMEN\u0130N YASAL TALEPLER\u0130 DESTEKLEMEK UYGULAMAK YA DA SAVUNMAK \u0130\u00c7\u0130N GEREKMES\u0130 HAL\u0130NDE, DAHA FAZLA \u0130\u015eLEME HAKKIMIZ SAKLIDIR.<\/p>\n<p>K\u0130\u015e\u0130SEL VER\u0130LER\u0130N\u0130Z TARAFIMIZDAN DO\u011eRUDAN REKLAM \u0130\u00c7\u0130N \u0130\u015eLEN\u0130YORSA, K\u0130\u015e\u0130SEL VER\u0130LER\u0130N\u0130N BU T\u00dcR REKLAM AMA\u00c7LI OLARAK \u0130\u015eLENMES\u0130NE HER ZAMAN \u0130T\u0130RAZ ETME HAKKINIZ VARDIR. YUKARIDA BEL\u0130RT\u0130LD\u0130\u011e\u0130 G\u0130B\u0130 \u0130T\u0130RAZ EDEB\u0130L\u0130RS\u0130N\u0130Z.<\/p>\n<p>\u0130T\u0130RAZ HAKKINIZI KULLANIRSANIZ, DO\u011eRUDAN REKLAM AMA\u00c7LI \u0130LG\u0130L\u0130 VER\u0130LER\u0130N \u0130\u015eLENMES\u0130NE SON VER\u0130R\u0130Z.<\/p>\n<h5>5) Ki\u015fisel verilerin saklanma s\u00fcresi<\/h5>\n<p>Ki\u015fisel verilerin saklanma s\u00fcresi, ilgili yasal dayana\u011fa, i\u015fleme amac\u0131na ve &#8211; ilgiliyse &#8211; ek olarak ilgili yasal saklama s\u00fcresine (\u00f6rn. ticari ve vergi saklama s\u00fcreleri) ba\u011fl\u0131d\u0131r.<\/p>\n<p>Ki\u015fisel verileri GDPR&#8217;nin 6. Maddesinin 1. F\u0131kras\u0131na g\u00f6re a\u00e7\u0131k r\u0131za temelinde i\u015flerken, bu veriler ilgili ki\u015fi r\u0131zas\u0131n\u0131 iptal edene kadar saklan\u0131r.<\/p>\n<p>GDPR&#8217;nin 6. maddesinin 1. f\u0131kras\u0131n\u0131n b bendi temelinde yasal veya benzer y\u00fck\u00fcml\u00fcl\u00fckler ba\u011flam\u0131nda i\u015flenen veriler i\u00e7in yasal saklama s\u00fcreleri varsa, bu veriler saklama s\u00fcreleri sona erdikten sonra, s\u00f6zle\u015fmenin yerine getirilmesi veya s\u00f6zle\u015fmenin ba\u015flat\u0131lmas\u0131 i\u00e7in daha uzun s\u00fcre gerekmemesi ve\/veya daha fazla saklama konusunda me\u015fru bir menfaatimiz olmamas\u0131 halinde rutin olarak silinecektir.<\/p>\n<p>Ki\u015fisel verileri GDPR&#8217;nin 6. Maddesinin 1. F\u0131kras\u0131n\u0131n f bendine g\u00f6re i\u015flerken, bu veriler, ilgili ki\u015fi GDPR&#8217;nin 21. Maddesinin 1. F\u0131kras\u0131na g\u00f6re itiraz hakk\u0131n\u0131 kullanana kadar, Veri sahibinin \u00e7\u0131karlar\u0131na, haklar\u0131na ve \u00f6zg\u00fcrl\u00fcklerine a\u011f\u0131r basan i\u015flemeyi kan\u0131tlamak i\u00e7in zorlay\u0131c\u0131 me\u015fru nedenlerimiz olmad\u0131k\u00e7a veya i\u015fleme, yasal iddialar\u0131 ileri s\u00fcrmeye, uygulamaya veya savunmaya hizmet etmedik\u00e7e, saklan\u0131r.<\/p>\n<p>GDPR&#8217;nin 6. Maddesinin 1. F\u0131kras\u0131n\u0131n f bendi uyar\u0131nca do\u011frudan reklam amac\u0131yla ki\u015fisel veriler i\u015flenirken, bu veriler, ilgili ki\u015fi GDPR\u2019nin 21. Maddesinin 2. F\u0131kras\u0131 uyar\u0131nca itiraz hakk\u0131n\u0131 kullanana kadar saklan\u0131r.<\/p>\n<p>Belirli i\u015fleme durumlar\u0131 hakk\u0131nda bu beyandaki di\u011fer bilgilerde aksi belirtilmedik\u00e7e, saklanan ki\u015fisel veriler, toplanma veya ba\u015fka bir \u015fekilde i\u015flenme ama\u00e7lar\u0131 i\u00e7in art\u0131k gerekli olmad\u0131\u011f\u0131nda silinecektir.<\/p>\n<\/div><\/div><\/div><\/div><\/div><\/div><\/section>\n","protected":false},"excerpt":{"rendered":"1) Ki\u015fisel verilerin toplanmas\u0131na ili\u015fkin bilgiler ve sorumlu ki\u015finin ileti\u015fim bilgileri \u00a01.1 Web sitemizi ziyaret etti\u011finiz i\u00e7in memnuniyetimizi bildirir ve ilginize te\u015fekk\u00fcr ederiz. A\u015fa\u011f\u0131da, web sitemizi kullan\u0131rken ki\u015fisel verilerinizin i\u015flenmesi hakk\u0131nda sizi bilgilendirece\u011fiz. Ki\u015fisel veriler, ki\u015fisel olarak tan\u0131mlanabilece\u011finiz t\u00fcm verilerdir. 1.2 Genel Veri Koruma Y\u00f6netmeli\u011fi (GDPR) anlam\u0131nda bu web sitesinde veri i\u015flemeden sorumlu ki\u015fi Abdullah...","protected":false},"author":1,"featured_media":0,"parent":0,"menu_order":0,"comment_status":"closed","ping_status":"closed","template":"","meta":[],"yoast_head":"<!-- This site is optimized with the Yoast SEO plugin v20.1 - https:\/\/yoast.com\/wordpress\/plugins\/seo\/ -->\n<title>KVKK - UDA LEGAL ARA\u015eTIRMA \u015e\u0130RKET\u0130<\/title>\n<meta name=\"robots\" content=\"index, follow, max-snippet:-1, max-image-preview:large, max-video-preview:-1\" \/>\n<link rel=\"canonical\" href=\"https:\/\/www.udalegal.com\/tr\/kvkk\/\" \/>\n<meta property=\"og:locale\" content=\"tr_TR\" \/>\n<meta property=\"og:type\" content=\"article\" \/>\n<meta property=\"og:title\" content=\"KVKK - UDA LEGAL ARA\u015eTIRMA \u015e\u0130RKET\u0130\" \/>\n<meta property=\"og:url\" content=\"https:\/\/www.udalegal.com\/tr\/kvkk\/\" \/>\n<meta property=\"og:site_name\" content=\"UDA LEGAL ARA\u015eTIRMA \u015e\u0130RKET\u0130\" \/>\n<meta property=\"article:modified_time\" content=\"2023-03-01T11:36:40+00:00\" \/>\n<meta name=\"twitter:card\" content=\"summary_large_image\" \/>\n<meta name=\"twitter:label1\" content=\"Tahmini okuma s\u00fcresi\" \/>\n\t<meta name=\"twitter:data1\" content=\"4 dakika\" \/>\n<script type=\"application\/ld+json\" class=\"yoast-schema-graph\">{\"@context\":\"https:\/\/schema.org\",\"@graph\":[{\"@type\":\"WebPage\",\"@id\":\"https:\/\/www.udalegal.com\/tr\/kvkk\/\",\"url\":\"https:\/\/www.udalegal.com\/tr\/kvkk\/\",\"name\":\"KVKK - UDA LEGAL ARA\u015eTIRMA \u015e\u0130RKET\u0130\",\"isPartOf\":{\"@id\":\"https:\/\/www.udalegal.com\/tr\/#website\"},\"datePublished\":\"2021-10-19T06:32:25+00:00\",\"dateModified\":\"2023-03-01T11:36:40+00:00\",\"breadcrumb\":{\"@id\":\"https:\/\/www.udalegal.com\/tr\/kvkk\/#breadcrumb\"},\"inLanguage\":\"tr\",\"potentialAction\":[{\"@type\":\"ReadAction\",\"target\":[\"https:\/\/www.udalegal.com\/tr\/kvkk\/\"]}]},{\"@type\":\"BreadcrumbList\",\"@id\":\"https:\/\/www.udalegal.com\/tr\/kvkk\/#breadcrumb\",\"itemListElement\":[{\"@type\":\"ListItem\",\"position\":1,\"name\":\"Anasayfa\",\"item\":\"https:\/\/www.udalegal.com\/tr\/\"},{\"@type\":\"ListItem\",\"position\":2,\"name\":\"KVKK\"}]},{\"@type\":\"WebSite\",\"@id\":\"https:\/\/www.udalegal.com\/tr\/#website\",\"url\":\"https:\/\/www.udalegal.com\/tr\/\",\"name\":\"UDA LEGAL ARA\u015eTIRMA \u015e\u0130RKET\u0130\",\"description\":\"\",\"potentialAction\":[{\"@type\":\"SearchAction\",\"target\":{\"@type\":\"EntryPoint\",\"urlTemplate\":\"https:\/\/www.udalegal.com\/tr\/?s={search_term_string}\"},\"query-input\":\"required name=search_term_string\"}],\"inLanguage\":\"tr\"}]}<\/script>\n<!-- \/ Yoast SEO plugin. -->","yoast_head_json":{"title":"KVKK - UDA LEGAL ARA\u015eTIRMA \u015e\u0130RKET\u0130","robots":{"index":"index","follow":"follow","max-snippet":"max-snippet:-1","max-image-preview":"max-image-preview:large","max-video-preview":"max-video-preview:-1"},"canonical":"https:\/\/www.udalegal.com\/tr\/kvkk\/","og_locale":"tr_TR","og_type":"article","og_title":"KVKK - UDA LEGAL ARA\u015eTIRMA \u015e\u0130RKET\u0130","og_url":"https:\/\/www.udalegal.com\/tr\/kvkk\/","og_site_name":"UDA LEGAL ARA\u015eTIRMA \u015e\u0130RKET\u0130","article_modified_time":"2023-03-01T11:36:40+00:00","twitter_card":"summary_large_image","twitter_misc":{"Tahmini okuma s\u00fcresi":"4 dakika"},"schema":{"@context":"https:\/\/schema.org","@graph":[{"@type":"WebPage","@id":"https:\/\/www.udalegal.com\/tr\/kvkk\/","url":"https:\/\/www.udalegal.com\/tr\/kvkk\/","name":"KVKK - UDA LEGAL ARA\u015eTIRMA \u015e\u0130RKET\u0130","isPartOf":{"@id":"https:\/\/www.udalegal.com\/tr\/#website"},"datePublished":"2021-10-19T06:32:25+00:00","dateModified":"2023-03-01T11:36:40+00:00","breadcrumb":{"@id":"https:\/\/www.udalegal.com\/tr\/kvkk\/#breadcrumb"},"inLanguage":"tr","potentialAction":[{"@type":"ReadAction","target":["https:\/\/www.udalegal.com\/tr\/kvkk\/"]}]},{"@type":"BreadcrumbList","@id":"https:\/\/www.udalegal.com\/tr\/kvkk\/#breadcrumb","itemListElement":[{"@type":"ListItem","position":1,"name":"Anasayfa","item":"https:\/\/www.udalegal.com\/tr\/"},{"@type":"ListItem","position":2,"name":"KVKK"}]},{"@type":"WebSite","@id":"https:\/\/www.udalegal.com\/tr\/#website","url":"https:\/\/www.udalegal.com\/tr\/","name":"UDA LEGAL ARA\u015eTIRMA \u015e\u0130RKET\u0130","description":"","potentialAction":[{"@type":"SearchAction","target":{"@type":"EntryPoint","urlTemplate":"https:\/\/www.udalegal.com\/tr\/?s={search_term_string}"},"query-input":"required name=search_term_string"}],"inLanguage":"tr"}]}},"_links":{"self":[{"href":"https:\/\/www.udalegal.com\/tr\/wp-json\/wp\/v2\/pages\/8469"}],"collection":[{"href":"https:\/\/www.udalegal.com\/tr\/wp-json\/wp\/v2\/pages"}],"about":[{"href":"https:\/\/www.udalegal.com\/tr\/wp-json\/wp\/v2\/types\/page"}],"author":[{"embeddable":true,"href":"https:\/\/www.udalegal.com\/tr\/wp-json\/wp\/v2\/users\/1"}],"replies":[{"embeddable":true,"href":"https:\/\/www.udalegal.com\/tr\/wp-json\/wp\/v2\/comments?post=8469"}],"version-history":[{"count":9,"href":"https:\/\/www.udalegal.com\/tr\/wp-json\/wp\/v2\/pages\/8469\/revisions"}],"predecessor-version":[{"id":8655,"href":"https:\/\/www.udalegal.com\/tr\/wp-json\/wp\/v2\/pages\/8469\/revisions\/8655"}],"wp:attachment":[{"href":"https:\/\/www.udalegal.com\/tr\/wp-json\/wp\/v2\/media?parent=8469"}],"curies":[{"name":"wp","href":"https:\/\/api.w.org\/{rel}","templated":true}]}}