{"id":8338,"date":"2021-09-13T14:33:55","date_gmt":"2021-09-13T14:33:55","guid":{"rendered":"https:\/\/www.udalegal.com\/tr\/?page_id=8338"},"modified":"2022-07-25T12:41:51","modified_gmt":"2022-07-25T12:41:51","slug":"turkiyede-mal-varligini-ogrenmek-istediginiz-sahislara-ait-detayli-tapu-sorgulama-adres-tespiti-ve-devir-hisse-bilgileri","status":"publish","type":"page","link":"https:\/\/www.udalegal.com\/tr\/turkiyede-mal-varligini-ogrenmek-istediginiz-sahislara-ait-detayli-tapu-sorgulama-adres-tespiti-ve-devir-hisse-bilgileri\/","title":{"rendered":"T\u00fcrkiye Genelinde Ki\u015filerin ve \u015eirketlerin Ad\u0131na Kay\u0131tl\u0131 G\u00fcncel Gayrimenkul, Ara\u00e7 Bilgileri ve Satm\u0131\u015f Olduklar\u0131 Gayrimenkul, Ara\u00e7 Bilgileri 48 Saat \u0130\u00e7erisinde Tespit Edilir."},"content":{"rendered":"<section class=\"l-section wpb_row height_custom\"><div class=\"l-section-h i-cf\"><div class=\"g-cols vc_row via_grid cols_1 laptops-cols_inherit tablets-cols_inherit mobiles-cols_1 valign_top type_default stacking_default\"><div class=\"wpb_column vc_column_container\"><div class=\"vc_column-inner\"><div class=\"g-cols wpb_row via_grid cols_1 laptops-cols_inherit tablets-cols_inherit mobiles-cols_1 valign_top type_default stacking_default\"><div class=\"wpb_column vc_column_container\"><div class=\"vc_column-inner\"><div class=\"wpb_text_column\"><div class=\"wpb_wrapper\"><h5>Tapu Sorgulamas\u0131 \u0130\u00e7in Gereken Bilgiler<\/h5>\n<ul>\n<li>T.C. Kimlik numaras\u0131, e\u011fer yok ise ki\u015fisel veriler (Ad, Soyad, Do\u011fum tarihi, Baba ad\u0131, vs\u2026.)<\/li>\n<li>Sorgulayan ve sorgulanan \u015fahs\u0131n, T\u00fcrk Vatanda\u015f\u0131 olmas\u0131 zorunlu de\u011fildir.<\/li>\n<li>Tapu Sorgulamas\u0131, anonim ve gizlilik i\u00e7inde, sorgulanan \u015fahs\u0131n haberdar olmayaca\u011f\u0131 \u015fekilde ger\u00e7ekle\u015ftirilecektir.<\/li>\n<\/ul>\n<\/div><\/div><\/div><\/div><\/div><div class=\"w-separator size_large with_line width_default thick_1 style_solid color_border align_center\"><div class=\"w-separator-h\"><\/div><\/div><div class=\"g-cols wpb_row via_grid cols_2 laptops-cols_inherit tablets-cols_inherit mobiles-cols_1 valign_middle type_default stacking_default\"><div class=\"wpb_column vc_column_container\"><div class=\"vc_column-inner\"><div class=\"w-image us_custom_64fb39ad us_animate_this align_none\"><div class=\"w-image-h\"><img width=\"1024\" height=\"683\" src=\"https:\/\/www.udalegal.com\/tr\/wp-content\/uploads\/2021\/09\/turkiyede-hukuki-islemler-1024x683.jpeg\" class=\"attachment-large size-large\" alt=\"\" decoding=\"async\" loading=\"lazy\" srcset=\"https:\/\/www.udalegal.com\/tr\/wp-content\/uploads\/2021\/09\/turkiyede-hukuki-islemler-1024x683.jpeg 1024w, https:\/\/www.udalegal.com\/tr\/wp-content\/uploads\/2021\/09\/turkiyede-hukuki-islemler-300x200.jpeg 300w, https:\/\/www.udalegal.com\/tr\/wp-content\/uploads\/2021\/09\/turkiyede-hukuki-islemler-1536x1024.jpeg 1536w\" sizes=\"(max-width: 1024px) 100vw, 1024px\" \/><\/div><\/div><\/div><\/div><div class=\"wpb_column vc_column_container\"><div class=\"vc_column-inner\"><div class=\"wpb_text_column\"><div class=\"wpb_wrapper\"><h5>Gayrimenkul \u0130le \u0130li\u015fkin Bilgiler<\/h5>\n<ul>\n<li>Harita g\u00f6r\u00fcnt\u00fcs\u00fc<\/li>\n<li>Detayl\u0131 Bilgiler<\/li>\n<li>Adres tespiti<\/li>\n<li>Resimler<\/li>\n<\/ul>\n<\/div><\/div><\/div><\/div><\/div><\/div><\/div><\/div><\/div><\/section>\n","protected":false},"excerpt":{"rendered":"Tapu Sorgulamas\u0131 \u0130\u00e7in Gereken Bilgiler T.C. Kimlik numaras\u0131, e\u011fer yok ise ki\u015fisel veriler (Ad, Soyad, Do\u011fum tarihi, Baba ad\u0131, vs\u2026.) Sorgulayan ve sorgulanan \u015fahs\u0131n, T\u00fcrk Vatanda\u015f\u0131 olmas\u0131 zorunlu de\u011fildir. Tapu Sorgulamas\u0131, anonim ve gizlilik i\u00e7inde, sorgulanan \u015fahs\u0131n haberdar olmayaca\u011f\u0131 \u015fekilde ger\u00e7ekle\u015ftirilecektir. Gayrimenkul \u0130le \u0130li\u015fkin Bilgiler Harita g\u00f6r\u00fcnt\u00fcs\u00fc Detayl\u0131 Bilgiler Adres tespiti Resimler","protected":false},"author":1,"featured_media":0,"parent":0,"menu_order":0,"comment_status":"closed","ping_status":"closed","template":"","meta":[],"yoast_head":"<!-- This site is optimized with the Yoast SEO plugin v20.1 - https:\/\/yoast.com\/wordpress\/plugins\/seo\/ -->\n<title>T\u00fcrkiye Genelinde Ki\u015filerin ve \u015eirketlerin Ad\u0131na Kay\u0131tl\u0131 G\u00fcncel Gayrimenkul, Ara\u00e7 Bilgileri ve Satm\u0131\u015f Olduklar\u0131 Gayrimenkul, Ara\u00e7 Bilgileri 48 Saat \u0130\u00e7erisinde Tespit Edilir. - UDA LEGAL ARA\u015eTIRMA \u015e\u0130RKET\u0130<\/title>\n<meta name=\"robots\" content=\"index, follow, max-snippet:-1, max-image-preview:large, max-video-preview:-1\" \/>\n<link rel=\"canonical\" href=\"https:\/\/www.udalegal.com\/tr\/turkiyede-mal-varligini-ogrenmek-istediginiz-sahislara-ait-detayli-tapu-sorgulama-adres-tespiti-ve-devir-hisse-bilgileri\/\" \/>\n<meta property=\"og:locale\" content=\"tr_TR\" \/>\n<meta property=\"og:type\" content=\"article\" \/>\n<meta property=\"og:title\" content=\"T\u00fcrkiye Genelinde Ki\u015filerin ve \u015eirketlerin Ad\u0131na Kay\u0131tl\u0131 G\u00fcncel Gayrimenkul, Ara\u00e7 Bilgileri ve Satm\u0131\u015f Olduklar\u0131 Gayrimenkul, Ara\u00e7 Bilgileri 48 Saat \u0130\u00e7erisinde Tespit Edilir. - UDA LEGAL ARA\u015eTIRMA \u015e\u0130RKET\u0130\" \/>\n<meta property=\"og:url\" content=\"https:\/\/www.udalegal.com\/tr\/turkiyede-mal-varligini-ogrenmek-istediginiz-sahislara-ait-detayli-tapu-sorgulama-adres-tespiti-ve-devir-hisse-bilgileri\/\" \/>\n<meta property=\"og:site_name\" content=\"UDA LEGAL ARA\u015eTIRMA \u015e\u0130RKET\u0130\" \/>\n<meta property=\"article:modified_time\" content=\"2022-07-25T12:41:51+00:00\" \/>\n<meta name=\"twitter:card\" content=\"summary_large_image\" \/>\n<meta name=\"twitter:label1\" content=\"Tahmini okuma s\u00fcresi\" \/>\n\t<meta name=\"twitter:data1\" content=\"1 dakika\" \/>\n<script type=\"application\/ld+json\" class=\"yoast-schema-graph\">{\"@context\":\"https:\/\/schema.org\",\"@graph\":[{\"@type\":\"WebPage\",\"@id\":\"https:\/\/www.udalegal.com\/tr\/turkiyede-mal-varligini-ogrenmek-istediginiz-sahislara-ait-detayli-tapu-sorgulama-adres-tespiti-ve-devir-hisse-bilgileri\/\",\"url\":\"https:\/\/www.udalegal.com\/tr\/turkiyede-mal-varligini-ogrenmek-istediginiz-sahislara-ait-detayli-tapu-sorgulama-adres-tespiti-ve-devir-hisse-bilgileri\/\",\"name\":\"T\u00fcrkiye Genelinde Ki\u015filerin ve \u015eirketlerin Ad\u0131na Kay\u0131tl\u0131 G\u00fcncel Gayrimenkul, Ara\u00e7 Bilgileri ve Satm\u0131\u015f Olduklar\u0131 Gayrimenkul, Ara\u00e7 Bilgileri 48 Saat \u0130\u00e7erisinde Tespit Edilir. - UDA LEGAL ARA\u015eTIRMA \u015e\u0130RKET\u0130\",\"isPartOf\":{\"@id\":\"https:\/\/www.udalegal.com\/tr\/#website\"},\"datePublished\":\"2021-09-13T14:33:55+00:00\",\"dateModified\":\"2022-07-25T12:41:51+00:00\",\"breadcrumb\":{\"@id\":\"https:\/\/www.udalegal.com\/tr\/turkiyede-mal-varligini-ogrenmek-istediginiz-sahislara-ait-detayli-tapu-sorgulama-adres-tespiti-ve-devir-hisse-bilgileri\/#breadcrumb\"},\"inLanguage\":\"tr\",\"potentialAction\":[{\"@type\":\"ReadAction\",\"target\":[\"https:\/\/www.udalegal.com\/tr\/turkiyede-mal-varligini-ogrenmek-istediginiz-sahislara-ait-detayli-tapu-sorgulama-adres-tespiti-ve-devir-hisse-bilgileri\/\"]}]},{\"@type\":\"BreadcrumbList\",\"@id\":\"https:\/\/www.udalegal.com\/tr\/turkiyede-mal-varligini-ogrenmek-istediginiz-sahislara-ait-detayli-tapu-sorgulama-adres-tespiti-ve-devir-hisse-bilgileri\/#breadcrumb\",\"itemListElement\":[{\"@type\":\"ListItem\",\"position\":1,\"name\":\"Anasayfa\",\"item\":\"https:\/\/www.udalegal.com\/tr\/\"},{\"@type\":\"ListItem\",\"position\":2,\"name\":\"T\u00fcrkiye Genelinde Ki\u015filerin ve \u015eirketlerin Ad\u0131na Kay\u0131tl\u0131 G\u00fcncel Gayrimenkul, Ara\u00e7 Bilgileri ve Satm\u0131\u015f Olduklar\u0131 Gayrimenkul, Ara\u00e7 Bilgileri 48 Saat \u0130\u00e7erisinde Tespit Edilir.\"}]},{\"@type\":\"WebSite\",\"@id\":\"https:\/\/www.udalegal.com\/tr\/#website\",\"url\":\"https:\/\/www.udalegal.com\/tr\/\",\"name\":\"UDA LEGAL ARA\u015eTIRMA \u015e\u0130RKET\u0130\",\"description\":\"\",\"potentialAction\":[{\"@type\":\"SearchAction\",\"target\":{\"@type\":\"EntryPoint\",\"urlTemplate\":\"https:\/\/www.udalegal.com\/tr\/?s={search_term_string}\"},\"query-input\":\"required name=search_term_string\"}],\"inLanguage\":\"tr\"}]}<\/script>\n<!-- \/ Yoast SEO plugin. -->","yoast_head_json":{"title":"T\u00fcrkiye Genelinde Ki\u015filerin ve \u015eirketlerin Ad\u0131na Kay\u0131tl\u0131 G\u00fcncel Gayrimenkul, Ara\u00e7 Bilgileri ve Satm\u0131\u015f Olduklar\u0131 Gayrimenkul, Ara\u00e7 Bilgileri 48 Saat \u0130\u00e7erisinde Tespit Edilir. - UDA LEGAL ARA\u015eTIRMA \u015e\u0130RKET\u0130","robots":{"index":"index","follow":"follow","max-snippet":"max-snippet:-1","max-image-preview":"max-image-preview:large","max-video-preview":"max-video-preview:-1"},"canonical":"https:\/\/www.udalegal.com\/tr\/turkiyede-mal-varligini-ogrenmek-istediginiz-sahislara-ait-detayli-tapu-sorgulama-adres-tespiti-ve-devir-hisse-bilgileri\/","og_locale":"tr_TR","og_type":"article","og_title":"T\u00fcrkiye Genelinde Ki\u015filerin ve \u015eirketlerin Ad\u0131na Kay\u0131tl\u0131 G\u00fcncel Gayrimenkul, Ara\u00e7 Bilgileri ve Satm\u0131\u015f Olduklar\u0131 Gayrimenkul, Ara\u00e7 Bilgileri 48 Saat \u0130\u00e7erisinde Tespit Edilir. - UDA LEGAL ARA\u015eTIRMA \u015e\u0130RKET\u0130","og_url":"https:\/\/www.udalegal.com\/tr\/turkiyede-mal-varligini-ogrenmek-istediginiz-sahislara-ait-detayli-tapu-sorgulama-adres-tespiti-ve-devir-hisse-bilgileri\/","og_site_name":"UDA LEGAL ARA\u015eTIRMA \u015e\u0130RKET\u0130","article_modified_time":"2022-07-25T12:41:51+00:00","twitter_card":"summary_large_image","twitter_misc":{"Tahmini okuma s\u00fcresi":"1 dakika"},"schema":{"@context":"https:\/\/schema.org","@graph":[{"@type":"WebPage","@id":"https:\/\/www.udalegal.com\/tr\/turkiyede-mal-varligini-ogrenmek-istediginiz-sahislara-ait-detayli-tapu-sorgulama-adres-tespiti-ve-devir-hisse-bilgileri\/","url":"https:\/\/www.udalegal.com\/tr\/turkiyede-mal-varligini-ogrenmek-istediginiz-sahislara-ait-detayli-tapu-sorgulama-adres-tespiti-ve-devir-hisse-bilgileri\/","name":"T\u00fcrkiye Genelinde Ki\u015filerin ve \u015eirketlerin Ad\u0131na Kay\u0131tl\u0131 G\u00fcncel Gayrimenkul, Ara\u00e7 Bilgileri ve Satm\u0131\u015f Olduklar\u0131 Gayrimenkul, Ara\u00e7 Bilgileri 48 Saat \u0130\u00e7erisinde Tespit Edilir. - UDA LEGAL ARA\u015eTIRMA \u015e\u0130RKET\u0130","isPartOf":{"@id":"https:\/\/www.udalegal.com\/tr\/#website"},"datePublished":"2021-09-13T14:33:55+00:00","dateModified":"2022-07-25T12:41:51+00:00","breadcrumb":{"@id":"https:\/\/www.udalegal.com\/tr\/turkiyede-mal-varligini-ogrenmek-istediginiz-sahislara-ait-detayli-tapu-sorgulama-adres-tespiti-ve-devir-hisse-bilgileri\/#breadcrumb"},"inLanguage":"tr","potentialAction":[{"@type":"ReadAction","target":["https:\/\/www.udalegal.com\/tr\/turkiyede-mal-varligini-ogrenmek-istediginiz-sahislara-ait-detayli-tapu-sorgulama-adres-tespiti-ve-devir-hisse-bilgileri\/"]}]},{"@type":"BreadcrumbList","@id":"https:\/\/www.udalegal.com\/tr\/turkiyede-mal-varligini-ogrenmek-istediginiz-sahislara-ait-detayli-tapu-sorgulama-adres-tespiti-ve-devir-hisse-bilgileri\/#breadcrumb","itemListElement":[{"@type":"ListItem","position":1,"name":"Anasayfa","item":"https:\/\/www.udalegal.com\/tr\/"},{"@type":"ListItem","position":2,"name":"T\u00fcrkiye Genelinde Ki\u015filerin ve \u015eirketlerin Ad\u0131na Kay\u0131tl\u0131 G\u00fcncel Gayrimenkul, Ara\u00e7 Bilgileri ve Satm\u0131\u015f Olduklar\u0131 Gayrimenkul, Ara\u00e7 Bilgileri 48 Saat \u0130\u00e7erisinde Tespit Edilir."}]},{"@type":"WebSite","@id":"https:\/\/www.udalegal.com\/tr\/#website","url":"https:\/\/www.udalegal.com\/tr\/","name":"UDA LEGAL ARA\u015eTIRMA \u015e\u0130RKET\u0130","description":"","potentialAction":[{"@type":"SearchAction","target":{"@type":"EntryPoint","urlTemplate":"https:\/\/www.udalegal.com\/tr\/?s={search_term_string}"},"query-input":"required name=search_term_string"}],"inLanguage":"tr"}]}},"_links":{"self":[{"href":"https:\/\/www.udalegal.com\/tr\/wp-json\/wp\/v2\/pages\/8338"}],"collection":[{"href":"https:\/\/www.udalegal.com\/tr\/wp-json\/wp\/v2\/pages"}],"about":[{"href":"https:\/\/www.udalegal.com\/tr\/wp-json\/wp\/v2\/types\/page"}],"author":[{"embeddable":true,"href":"https:\/\/www.udalegal.com\/tr\/wp-json\/wp\/v2\/users\/1"}],"replies":[{"embeddable":true,"href":"https:\/\/www.udalegal.com\/tr\/wp-json\/wp\/v2\/comments?post=8338"}],"version-history":[{"count":45,"href":"https:\/\/www.udalegal.com\/tr\/wp-json\/wp\/v2\/pages\/8338\/revisions"}],"predecessor-version":[{"id":8580,"href":"https:\/\/www.udalegal.com\/tr\/wp-json\/wp\/v2\/pages\/8338\/revisions\/8580"}],"wp:attachment":[{"href":"https:\/\/www.udalegal.com\/tr\/wp-json\/wp\/v2\/media?parent=8338"}],"curies":[{"name":"wp","href":"https:\/\/api.w.org\/{rel}","templated":true}]}}