{"id":7967,"date":"2021-08-17T09:49:18","date_gmt":"2021-08-17T09:49:18","guid":{"rendered":"https:\/\/udalegal.com\/?page_id=7967"},"modified":"2023-02-16T09:08:54","modified_gmt":"2023-02-16T09:08:54","slug":"hakkimizda","status":"publish","type":"page","link":"https:\/\/www.udalegal.com\/tr\/hakkimizda\/","title":{"rendered":"Hakk\u0131m\u0131zda"},"content":{"rendered":"<section class=\"l-section wpb_row height_custom\"><div class=\"l-section-h i-cf\"><div class=\"g-cols vc_row via_grid cols_1 laptops-cols_inherit tablets-cols_inherit mobiles-cols_1 valign_top type_default stacking_default\"><div class=\"wpb_column vc_column_container\"><div class=\"vc_column-inner\"><div class=\"wpb_text_column\"><div class=\"wpb_wrapper\"><p>Soru\u015fturma \u00e7al\u0131\u015fmalar\u0131n\u0131 T\u00fcrkiye\u2019de y\u00fcr\u00fcten bir Alman Tapu Ara\u015ft\u0131rma \u015firketiyiz. \u00d6ncelikle \u00e7e\u015fitli T\u00fcrk makamlar\u0131 ve avukatlarla \u00e7al\u0131\u015f\u0131yoruz. UDA LEGAL Ara\u015ft\u0131rma \u015firketi olarak, hukuki dan\u0131\u015fmanl\u0131k ve Avukatl\u0131k hizmeti sunmuyoruz. Soru\u015fturma \u00e7al\u0131\u015fmalar\u0131m\u0131z sayesinde bizden, ara\u015ft\u0131r\u0131lan \u015fahs\u0131n T\u00fcrkiye\u2019deki serveti ve mal varl\u0131\u011f\u0131 hakk\u0131nda bilgi alabilirsiniz. Tapu Sorgulamas\u0131, anonim ve gizlilik i\u00e7inde, sorgulanan \u015fahs\u0131n haberdar olmayaca\u011f\u0131 \u015fekilde ger\u00e7ekle\u015ftirilecektir.<\/p>\n<\/div><\/div><\/div><\/div><\/div><\/div><\/section>\n","protected":false},"excerpt":{"rendered":"Soru\u015fturma \u00e7al\u0131\u015fmalar\u0131n\u0131 T\u00fcrkiye\u2019de y\u00fcr\u00fcten bir Alman Tapu Ara\u015ft\u0131rma \u015firketiyiz. \u00d6ncelikle \u00e7e\u015fitli T\u00fcrk makamlar\u0131 ve avukatlarla \u00e7al\u0131\u015f\u0131yoruz. UDA LEGAL Ara\u015ft\u0131rma \u015firketi olarak, hukuki dan\u0131\u015fmanl\u0131k ve Avukatl\u0131k hizmeti sunmuyoruz. Soru\u015fturma \u00e7al\u0131\u015fmalar\u0131m\u0131z sayesinde bizden, ara\u015ft\u0131r\u0131lan \u015fahs\u0131n T\u00fcrkiye\u2019deki serveti ve mal varl\u0131\u011f\u0131 hakk\u0131nda bilgi alabilirsiniz. Tapu Sorgulamas\u0131, anonim ve gizlilik i\u00e7inde, sorgulanan \u015fahs\u0131n haberdar olmayaca\u011f\u0131 \u015fekilde ger\u00e7ekle\u015ftirilecektir.","protected":false},"author":1,"featured_media":0,"parent":0,"menu_order":0,"comment_status":"closed","ping_status":"closed","template":"","meta":[],"yoast_head":"<!-- This site is optimized with the Yoast SEO plugin v20.1 - https:\/\/yoast.com\/wordpress\/plugins\/seo\/ -->\n<title>Hakk\u0131m\u0131zda - UDA LEGAL ARA\u015eTIRMA \u015e\u0130RKET\u0130<\/title>\n<meta name=\"robots\" content=\"index, follow, max-snippet:-1, max-image-preview:large, max-video-preview:-1\" \/>\n<link rel=\"canonical\" href=\"https:\/\/www.udalegal.com\/tr\/hakkimizda\/\" \/>\n<meta property=\"og:locale\" content=\"tr_TR\" \/>\n<meta property=\"og:type\" content=\"article\" \/>\n<meta property=\"og:title\" content=\"Hakk\u0131m\u0131zda - UDA LEGAL ARA\u015eTIRMA \u015e\u0130RKET\u0130\" \/>\n<meta property=\"og:url\" content=\"https:\/\/www.udalegal.com\/tr\/hakkimizda\/\" \/>\n<meta property=\"og:site_name\" content=\"UDA LEGAL ARA\u015eTIRMA \u015e\u0130RKET\u0130\" \/>\n<meta property=\"article:modified_time\" content=\"2023-02-16T09:08:54+00:00\" \/>\n<meta name=\"twitter:card\" content=\"summary_large_image\" \/>\n<meta name=\"twitter:label1\" content=\"Tahmini okuma s\u00fcresi\" \/>\n\t<meta name=\"twitter:data1\" content=\"1 dakika\" \/>\n<script type=\"application\/ld+json\" class=\"yoast-schema-graph\">{\"@context\":\"https:\/\/schema.org\",\"@graph\":[{\"@type\":\"WebPage\",\"@id\":\"https:\/\/www.udalegal.com\/tr\/hakkimizda\/\",\"url\":\"https:\/\/www.udalegal.com\/tr\/hakkimizda\/\",\"name\":\"Hakk\u0131m\u0131zda - UDA LEGAL ARA\u015eTIRMA \u015e\u0130RKET\u0130\",\"isPartOf\":{\"@id\":\"https:\/\/www.udalegal.com\/tr\/#website\"},\"datePublished\":\"2021-08-17T09:49:18+00:00\",\"dateModified\":\"2023-02-16T09:08:54+00:00\",\"breadcrumb\":{\"@id\":\"https:\/\/www.udalegal.com\/tr\/hakkimizda\/#breadcrumb\"},\"inLanguage\":\"tr\",\"potentialAction\":[{\"@type\":\"ReadAction\",\"target\":[\"https:\/\/www.udalegal.com\/tr\/hakkimizda\/\"]}]},{\"@type\":\"BreadcrumbList\",\"@id\":\"https:\/\/www.udalegal.com\/tr\/hakkimizda\/#breadcrumb\",\"itemListElement\":[{\"@type\":\"ListItem\",\"position\":1,\"name\":\"Anasayfa\",\"item\":\"https:\/\/www.udalegal.com\/tr\/\"},{\"@type\":\"ListItem\",\"position\":2,\"name\":\"Hakk\u0131m\u0131zda\"}]},{\"@type\":\"WebSite\",\"@id\":\"https:\/\/www.udalegal.com\/tr\/#website\",\"url\":\"https:\/\/www.udalegal.com\/tr\/\",\"name\":\"UDA LEGAL ARA\u015eTIRMA \u015e\u0130RKET\u0130\",\"description\":\"\",\"potentialAction\":[{\"@type\":\"SearchAction\",\"target\":{\"@type\":\"EntryPoint\",\"urlTemplate\":\"https:\/\/www.udalegal.com\/tr\/?s={search_term_string}\"},\"query-input\":\"required name=search_term_string\"}],\"inLanguage\":\"tr\"}]}<\/script>\n<!-- \/ Yoast SEO plugin. -->","yoast_head_json":{"title":"Hakk\u0131m\u0131zda - UDA LEGAL ARA\u015eTIRMA \u015e\u0130RKET\u0130","robots":{"index":"index","follow":"follow","max-snippet":"max-snippet:-1","max-image-preview":"max-image-preview:large","max-video-preview":"max-video-preview:-1"},"canonical":"https:\/\/www.udalegal.com\/tr\/hakkimizda\/","og_locale":"tr_TR","og_type":"article","og_title":"Hakk\u0131m\u0131zda - UDA LEGAL ARA\u015eTIRMA \u015e\u0130RKET\u0130","og_url":"https:\/\/www.udalegal.com\/tr\/hakkimizda\/","og_site_name":"UDA LEGAL ARA\u015eTIRMA \u015e\u0130RKET\u0130","article_modified_time":"2023-02-16T09:08:54+00:00","twitter_card":"summary_large_image","twitter_misc":{"Tahmini okuma s\u00fcresi":"1 dakika"},"schema":{"@context":"https:\/\/schema.org","@graph":[{"@type":"WebPage","@id":"https:\/\/www.udalegal.com\/tr\/hakkimizda\/","url":"https:\/\/www.udalegal.com\/tr\/hakkimizda\/","name":"Hakk\u0131m\u0131zda - UDA LEGAL ARA\u015eTIRMA \u015e\u0130RKET\u0130","isPartOf":{"@id":"https:\/\/www.udalegal.com\/tr\/#website"},"datePublished":"2021-08-17T09:49:18+00:00","dateModified":"2023-02-16T09:08:54+00:00","breadcrumb":{"@id":"https:\/\/www.udalegal.com\/tr\/hakkimizda\/#breadcrumb"},"inLanguage":"tr","potentialAction":[{"@type":"ReadAction","target":["https:\/\/www.udalegal.com\/tr\/hakkimizda\/"]}]},{"@type":"BreadcrumbList","@id":"https:\/\/www.udalegal.com\/tr\/hakkimizda\/#breadcrumb","itemListElement":[{"@type":"ListItem","position":1,"name":"Anasayfa","item":"https:\/\/www.udalegal.com\/tr\/"},{"@type":"ListItem","position":2,"name":"Hakk\u0131m\u0131zda"}]},{"@type":"WebSite","@id":"https:\/\/www.udalegal.com\/tr\/#website","url":"https:\/\/www.udalegal.com\/tr\/","name":"UDA LEGAL ARA\u015eTIRMA \u015e\u0130RKET\u0130","description":"","potentialAction":[{"@type":"SearchAction","target":{"@type":"EntryPoint","urlTemplate":"https:\/\/www.udalegal.com\/tr\/?s={search_term_string}"},"query-input":"required name=search_term_string"}],"inLanguage":"tr"}]}},"_links":{"self":[{"href":"https:\/\/www.udalegal.com\/tr\/wp-json\/wp\/v2\/pages\/7967"}],"collection":[{"href":"https:\/\/www.udalegal.com\/tr\/wp-json\/wp\/v2\/pages"}],"about":[{"href":"https:\/\/www.udalegal.com\/tr\/wp-json\/wp\/v2\/types\/page"}],"author":[{"embeddable":true,"href":"https:\/\/www.udalegal.com\/tr\/wp-json\/wp\/v2\/users\/1"}],"replies":[{"embeddable":true,"href":"https:\/\/www.udalegal.com\/tr\/wp-json\/wp\/v2\/comments?post=7967"}],"version-history":[{"count":14,"href":"https:\/\/www.udalegal.com\/tr\/wp-json\/wp\/v2\/pages\/7967\/revisions"}],"predecessor-version":[{"id":8629,"href":"https:\/\/www.udalegal.com\/tr\/wp-json\/wp\/v2\/pages\/7967\/revisions\/8629"}],"wp:attachment":[{"href":"https:\/\/www.udalegal.com\/tr\/wp-json\/wp\/v2\/media?parent=7967"}],"curies":[{"name":"wp","href":"https:\/\/api.w.org\/{rel}","templated":true}]}}