{"id":7850,"date":"2021-08-13T11:55:56","date_gmt":"2021-08-13T11:55:56","guid":{"rendered":"https:\/\/udalegal.com\/?page_id=7850"},"modified":"2023-03-01T11:28:31","modified_gmt":"2023-03-01T11:28:31","slug":"iletisim","status":"publish","type":"page","link":"https:\/\/www.udalegal.com\/tr\/iletisim\/","title":{"rendered":"\u0130leti\u015fim"},"content":{"rendered":"<section class=\"l-section wpb_row us_custom_e11ab399 height_huge with_video with_youtube\"><style>@media(max-width:600px){#us_bg_video_vfe1{display:none!important}}<\/style><div class=\"l-section-video\" id=\"us_bg_video_vfe1\"><iframe title=\"Youtube video player\" src=\"\/\/www.youtube.com\/embed\/oXoJKxRPqn4?autoplay=1&loop=1&playlist=oXoJKxRPqn4&controls=0&mute=1&iv_load_policy=3&disablekb=1&wmode=transparent\" allowfullscreen=\"1\" loading=\"lazy\"><\/iframe><\/div><div class=\"l-section-overlay\" style=\"background:linear-gradient(180deg,rgba(89,40,81,0.7092329025268554),rgba(51,58,77,0.7092329025268554))\"><\/div><div class=\"l-section-h i-cf\"><div class=\"g-cols vc_row via_grid cols_1 laptops-cols_inherit tablets-cols_inherit mobiles-cols_1 valign_middle type_default stacking_default\"><div class=\"wpb_column vc_column_container\"><div class=\"vc_column-inner\"><div class=\"w-separator size_large\"><\/div><h1 class=\"w-post-elm post_title us_custom_372dd590 has_text_color align_center entry-title color_link_inherit\">\u0130leti\u015fim<\/h1><div class=\"w-separator size_large\"><\/div><div class=\"w-separator size_huge\"><\/div><\/div><\/div><\/div><\/div><\/section><section class=\"l-section wpb_row height_custom\"><div class=\"l-section-h i-cf\"><div class=\"g-cols vc_row via_grid cols_1 laptops-cols_inherit tablets-cols_inherit mobiles-cols_1 valign_top type_default stacking_default\" style=\"grid-gap:calc(3rem + 10px);\"><div class=\"wpb_column vc_column_container\"><div class=\"vc_column-inner\"><div class=\"g-cols wpb_row via_grid cols_1-2 laptops-cols_inherit tablets-cols_inherit mobiles-cols_1 valign_top type_default stacking_default\"><div class=\"wpb_column vc_column_container\"><div class=\"vc_column-inner\"><div class=\"wpb_text_column\"><div class=\"wpb_wrapper\"><h4>\u0130leti\u015fim Bilgileri<\/h4>\n<\/div><\/div><div class=\"w-separator size_small\"><\/div><div class=\"w-iconbox iconpos_left style_circle color_primary align_left no_text\"><a title=\"https:\/\/goo.gl\/maps\/N7jAp5ZmK864cDERA\" target=\"_blank\" href=\"https:\/\/goo.gl\/maps\/N7jAp5ZmK864cDERA\" rel=\"noopener\" class=\"w-iconbox-link\" aria-label=\"Kettwiger Str. 35, 40233 D\u00fcsseldorf\"><div class=\"w-iconbox-icon\" style=\"font-size:18px;\"><i class=\"far fa-map-marker-alt\"><\/i><\/div><\/a><div class=\"w-iconbox-meta\"><a title=\"https:\/\/goo.gl\/maps\/N7jAp5ZmK864cDERA\" target=\"_blank\" href=\"https:\/\/goo.gl\/maps\/N7jAp5ZmK864cDERA\" rel=\"noopener\" class=\"w-iconbox-link\" aria-label=\"Kettwiger Str. 35, 40233 D\u00fcsseldorf\"><p class=\"w-iconbox-title\">Kettwiger Str. 35, 40233 D\u00fcsseldorf<\/p><\/a><\/div><\/div><div class=\"w-separator size_custom\" style=\"height:20px\"><\/div><div class=\"w-iconbox iconpos_left style_circle color_primary align_left no_text\"><a href=\"tel:+491622713159\" class=\"w-iconbox-link\" aria-label=\"+49 1622713159\"><div class=\"w-iconbox-icon\" style=\"font-size:18px;\"><i class=\"far fa-phone-alt\"><\/i><\/div><\/a><div class=\"w-iconbox-meta\"><a href=\"tel:+491622713159\" class=\"w-iconbox-link\" aria-label=\"+49 1622713159\"><div class=\"w-iconbox-title\">+49 1622713159<\/div><\/a><\/div><\/div><div class=\"w-separator size_custom\" style=\"height:20px\"><\/div><div class=\"w-iconbox iconpos_left style_circle color_primary align_left no_text\"><div class=\"w-iconbox-icon\" style=\"font-size:18px;\"><i class=\"far fa-fax\"><\/i><\/div><div class=\"w-iconbox-meta\"><div class=\"w-iconbox-title\">+49 20341504854<\/div><\/div><\/div><div class=\"w-separator size_custom\" style=\"height:20px\"><\/div><div class=\"w-iconbox iconpos_left style_circle color_primary align_left no_text\"><a href=\"mailto:info@udalegal.com\" class=\"w-iconbox-link\" aria-label=\"info@udalegal.com\"><div class=\"w-iconbox-icon\" style=\"font-size:18px;\"><i class=\"far fa-envelope\"><\/i><\/div><\/a><div class=\"w-iconbox-meta\"><a href=\"mailto:info@udalegal.com\" class=\"w-iconbox-link\" aria-label=\"info@udalegal.com\"><div class=\"w-iconbox-title\">info@udalegal.com<\/div><\/a><\/div><\/div><\/div><\/div><div class=\"wpb_column vc_column_container\"><div class=\"vc_column-inner\"><div class=\"wpb_text_column\"><div class=\"wpb_wrapper\"><h4>Bizimle \u0130leti\u015fime Ge\u00e7ebilirsiniz<\/h4>\n<\/div><\/div><div class=\"w-separator size_small\"><\/div><form class=\"w-form  layout_ver for_cform us_form_1\" autocomplete=\"off\" action=\"https:\/\/www.udalegal.com\/tr\/tr\/wp-json\/wp\/v2\/pages\/7850\" method=\"post\"><div class=\"w-form-h\"><div class=\"w-form-row for_text required with_icon\">\r\n\t\t<div class=\"w-form-row-field\">\r\n\t\t\t\t<i class=\"far fa-user\"><\/i>\t\t<input aria-label=\"Ad Soyad\" type=\"text\" name=\"us_form_1_text_1\" value placeholder=\"Ad Soyad *\" data-required=\"true\" aria-required=\"true\"\/>\r\n\t\t\t<\/div>\r\n\t\t<div class=\"w-form-row-state\">Fill out this field<\/div>\r\n<\/div>\r\n<div class=\"w-form-row for_text required with_icon\">\r\n\t\t<div class=\"w-form-row-field\">\r\n\t\t\t\t<i class=\"far fa-envelope\"><\/i>\t\t<input aria-label=\"Email\" type=\"text\" name=\"us_form_1_text_2\" value placeholder=\"Email *\" data-required=\"true\" aria-required=\"true\"\/>\r\n\t\t\t<\/div>\r\n\t\t<div class=\"w-form-row-state\">Fill out this field<\/div>\r\n<\/div>\r\n<div class=\"w-form-row for_text with_icon\">\r\n\t\t<div class=\"w-form-row-field\">\r\n\t\t\t\t<i class=\"far fa-phone\"><\/i>\t\t<input aria-label=\"Telefon\" inputmode=\"tel\" type=\"text\" name=\"us_form_1_text_3\" value placeholder=\"Telefon\"\/>\r\n\t\t\t<\/div>\r\n\t\t<div class=\"w-form-row-state\">Fill out this field<\/div>\r\n<\/div>\r\n<div class=\"w-form-row for_textarea with_icon\">\r\n\t\t<div class=\"w-form-row-field\">\r\n\t\t\t\t<i class=\"far fa-pencil\"><\/i>\t\t<textarea aria-label=\"Mesaj\u0131n\u0131z\" name=\"us_form_1_textarea_1\" placeholder=\"Mesaj\u0131n\u0131z\"><\/textarea>\r\n\t\t\t<\/div>\r\n\t\t<div class=\"w-form-row-state\">Fill out this field<\/div>\r\n<\/div>\r\n<input type=\"hidden\" name=\"action\" value=\"us_ajax_cform\" \/>\r\n<input type=\"hidden\" name=\"post_id\" value=\"0\" \/>\r\n<input type=\"hidden\" name=\"form_index\" value=\"1\" \/>\r\n<div class=\"w-form-row for_submit  align_none\">\r\n\t<button class=\"w-btn  us-btn-style_1\" aria-label=\"G\u00f6nder\" type=\"submit\">\r\n\t\t<span class=\"g-preloader type_1\"><\/span>\r\n\t\t\t\t<span class=\"w-btn-label\">G\u00f6nder<\/span>\r\n\t\t\t<\/button>\r\n\t<\/div>\r\n<\/div><div class=\"w-form-message\"><\/div><div class=\"w-form-json hidden\" onclick='return {&quot;ajaxurl&quot;:&quot;https:\\\/\\\/www.udalegal.com\\\/tr\\\/wp-admin\\\/admin-ajax.php&quot;,&quot;messages&quot;:{&quot;err_empty&quot;:&quot;Fill out this field&quot;,&quot;err_size&quot;:&quot;File size cannot exceed %s MB&quot;,&quot;err_extension&quot;:&quot;%s file type is not allowed&quot;}}'><\/div><\/form><\/div><\/div><\/div><\/div><\/div><\/div><\/div><\/section><section class=\"l-section wpb_row height_auto width_full\"><div class=\"l-section-h i-cf\"><div class=\"g-cols vc_row via_grid cols_1 laptops-cols_inherit tablets-cols_inherit mobiles-cols_1 valign_top type_default stacking_default\"><div class=\"wpb_column vc_column_container\"><div class=\"vc_column-inner\"><div class=\"wpb_text_column\"><div class=\"wpb_wrapper\"><p><iframe loading=\"lazy\" style=\"border: 0;\" src=\"https:\/\/www.google.com\/maps\/embed?pb=!1m14!1m8!1m3!1d9995.269722514055!2d6.8107926!3d51.2224388!3m2!1i1024!2i768!4f13.1!3m3!1m2!1s0x47b8bfb625441b5d%3A0x4fbd1632b3446a85!2sUDA%20LEGAL%20Rechercheunternehmen!5e0!3m2!1str!2str!4v1677238849164!5m2!1str!2str\" width=\"100%\" height=\"450\" allowfullscreen=\"allowfullscreen\"><\/iframe><\/p>\n<\/div><\/div><\/div><\/div><\/div><\/div><\/section>\n","protected":false},"excerpt":{"rendered":"\u0130leti\u015fim\u0130leti\u015fim Bilgileri Kettwiger Str. 35, 40233 D\u00fcsseldorf+49 1622713159+49 20341504854info@udalegal.comBizimle \u0130leti\u015fime Ge\u00e7ebilirsiniz Fill out this field Fill out this field Fill out this field Fill out this field G\u00f6nder","protected":false},"author":1,"featured_media":0,"parent":0,"menu_order":0,"comment_status":"closed","ping_status":"closed","template":"","meta":[],"yoast_head":"<!-- This site is optimized with the Yoast SEO plugin v20.1 - https:\/\/yoast.com\/wordpress\/plugins\/seo\/ -->\n<title>\u0130leti\u015fim - UDA LEGAL ARA\u015eTIRMA \u015e\u0130RKET\u0130<\/title>\n<meta name=\"robots\" content=\"index, follow, max-snippet:-1, max-image-preview:large, max-video-preview:-1\" \/>\n<link rel=\"canonical\" href=\"https:\/\/www.udalegal.com\/tr\/iletisim\/\" \/>\n<meta property=\"og:locale\" content=\"tr_TR\" \/>\n<meta property=\"og:type\" content=\"article\" \/>\n<meta property=\"og:title\" content=\"\u0130leti\u015fim - UDA LEGAL ARA\u015eTIRMA \u015e\u0130RKET\u0130\" \/>\n<meta property=\"og:url\" content=\"https:\/\/www.udalegal.com\/tr\/iletisim\/\" \/>\n<meta property=\"og:site_name\" content=\"UDA LEGAL ARA\u015eTIRMA \u015e\u0130RKET\u0130\" \/>\n<meta property=\"article:modified_time\" content=\"2023-03-01T11:28:31+00:00\" \/>\n<meta name=\"twitter:card\" content=\"summary_large_image\" \/>\n<meta name=\"twitter:label1\" content=\"Tahmini okuma s\u00fcresi\" \/>\n\t<meta name=\"twitter:data1\" content=\"1 dakika\" \/>\n<script type=\"application\/ld+json\" class=\"yoast-schema-graph\">{\"@context\":\"https:\/\/schema.org\",\"@graph\":[{\"@type\":\"WebPage\",\"@id\":\"https:\/\/www.udalegal.com\/tr\/iletisim\/\",\"url\":\"https:\/\/www.udalegal.com\/tr\/iletisim\/\",\"name\":\"\u0130leti\u015fim - UDA LEGAL ARA\u015eTIRMA \u015e\u0130RKET\u0130\",\"isPartOf\":{\"@id\":\"https:\/\/www.udalegal.com\/tr\/#website\"},\"datePublished\":\"2021-08-13T11:55:56+00:00\",\"dateModified\":\"2023-03-01T11:28:31+00:00\",\"breadcrumb\":{\"@id\":\"https:\/\/www.udalegal.com\/tr\/iletisim\/#breadcrumb\"},\"inLanguage\":\"tr\",\"potentialAction\":[{\"@type\":\"ReadAction\",\"target\":[\"https:\/\/www.udalegal.com\/tr\/iletisim\/\"]}]},{\"@type\":\"BreadcrumbList\",\"@id\":\"https:\/\/www.udalegal.com\/tr\/iletisim\/#breadcrumb\",\"itemListElement\":[{\"@type\":\"ListItem\",\"position\":1,\"name\":\"Anasayfa\",\"item\":\"https:\/\/www.udalegal.com\/tr\/\"},{\"@type\":\"ListItem\",\"position\":2,\"name\":\"\u0130leti\u015fim\"}]},{\"@type\":\"WebSite\",\"@id\":\"https:\/\/www.udalegal.com\/tr\/#website\",\"url\":\"https:\/\/www.udalegal.com\/tr\/\",\"name\":\"UDA LEGAL ARA\u015eTIRMA \u015e\u0130RKET\u0130\",\"description\":\"\",\"potentialAction\":[{\"@type\":\"SearchAction\",\"target\":{\"@type\":\"EntryPoint\",\"urlTemplate\":\"https:\/\/www.udalegal.com\/tr\/?s={search_term_string}\"},\"query-input\":\"required name=search_term_string\"}],\"inLanguage\":\"tr\"}]}<\/script>\n<!-- \/ Yoast SEO plugin. -->","yoast_head_json":{"title":"\u0130leti\u015fim - UDA LEGAL ARA\u015eTIRMA \u015e\u0130RKET\u0130","robots":{"index":"index","follow":"follow","max-snippet":"max-snippet:-1","max-image-preview":"max-image-preview:large","max-video-preview":"max-video-preview:-1"},"canonical":"https:\/\/www.udalegal.com\/tr\/iletisim\/","og_locale":"tr_TR","og_type":"article","og_title":"\u0130leti\u015fim - UDA LEGAL ARA\u015eTIRMA \u015e\u0130RKET\u0130","og_url":"https:\/\/www.udalegal.com\/tr\/iletisim\/","og_site_name":"UDA LEGAL ARA\u015eTIRMA \u015e\u0130RKET\u0130","article_modified_time":"2023-03-01T11:28:31+00:00","twitter_card":"summary_large_image","twitter_misc":{"Tahmini okuma s\u00fcresi":"1 dakika"},"schema":{"@context":"https:\/\/schema.org","@graph":[{"@type":"WebPage","@id":"https:\/\/www.udalegal.com\/tr\/iletisim\/","url":"https:\/\/www.udalegal.com\/tr\/iletisim\/","name":"\u0130leti\u015fim - UDA LEGAL ARA\u015eTIRMA \u015e\u0130RKET\u0130","isPartOf":{"@id":"https:\/\/www.udalegal.com\/tr\/#website"},"datePublished":"2021-08-13T11:55:56+00:00","dateModified":"2023-03-01T11:28:31+00:00","breadcrumb":{"@id":"https:\/\/www.udalegal.com\/tr\/iletisim\/#breadcrumb"},"inLanguage":"tr","potentialAction":[{"@type":"ReadAction","target":["https:\/\/www.udalegal.com\/tr\/iletisim\/"]}]},{"@type":"BreadcrumbList","@id":"https:\/\/www.udalegal.com\/tr\/iletisim\/#breadcrumb","itemListElement":[{"@type":"ListItem","position":1,"name":"Anasayfa","item":"https:\/\/www.udalegal.com\/tr\/"},{"@type":"ListItem","position":2,"name":"\u0130leti\u015fim"}]},{"@type":"WebSite","@id":"https:\/\/www.udalegal.com\/tr\/#website","url":"https:\/\/www.udalegal.com\/tr\/","name":"UDA LEGAL ARA\u015eTIRMA \u015e\u0130RKET\u0130","description":"","potentialAction":[{"@type":"SearchAction","target":{"@type":"EntryPoint","urlTemplate":"https:\/\/www.udalegal.com\/tr\/?s={search_term_string}"},"query-input":"required name=search_term_string"}],"inLanguage":"tr"}]}},"_links":{"self":[{"href":"https:\/\/www.udalegal.com\/tr\/wp-json\/wp\/v2\/pages\/7850"}],"collection":[{"href":"https:\/\/www.udalegal.com\/tr\/wp-json\/wp\/v2\/pages"}],"about":[{"href":"https:\/\/www.udalegal.com\/tr\/wp-json\/wp\/v2\/types\/page"}],"author":[{"embeddable":true,"href":"https:\/\/www.udalegal.com\/tr\/wp-json\/wp\/v2\/users\/1"}],"replies":[{"embeddable":true,"href":"https:\/\/www.udalegal.com\/tr\/wp-json\/wp\/v2\/comments?post=7850"}],"version-history":[{"count":42,"href":"https:\/\/www.udalegal.com\/tr\/wp-json\/wp\/v2\/pages\/7850\/revisions"}],"predecessor-version":[{"id":8652,"href":"https:\/\/www.udalegal.com\/tr\/wp-json\/wp\/v2\/pages\/7850\/revisions\/8652"}],"wp:attachment":[{"href":"https:\/\/www.udalegal.com\/tr\/wp-json\/wp\/v2\/media?parent=7850"}],"curies":[{"name":"wp","href":"https:\/\/api.w.org\/{rel}","templated":true}]}}